{"id":67,"date":"2024-06-10T21:36:40","date_gmt":"2024-06-10T21:36:40","guid":{"rendered":"https:\/\/saintslawfirm.com\/practice-area\/"},"modified":"2025-02-21T12:32:18","modified_gmt":"2025-02-21T12:32:18","slug":"practice-area","status":"publish","type":"page","link":"https:\/\/saintslawfirm.com\/haitian-creole\/practice-area\/","title":{"rendered":"Z\u00f2n pratik"},"content":{"rendered":"<div class=\"wp-block-uagb-container uagb-block-4458f786 alignfull uagb-is-root-container\"><div class=\"uagb-container-inner-blocks-wrap\">\n<div class=\"wp-block-uagb-advanced-heading uagb-block-5e509682\"><h1 class=\"uagb-heading-text\">Nan ki dom\u00e8n nou espesyalize<\/h1><\/div>\n<\/div><\/div>\n\n\n\n<div class=\"wp-block-uagb-container uagb-block-100c4293 alignfull uagb-is-root-container\"><div class=\"uagb-container-inner-blocks-wrap\">\n<div class=\"wp-block-uagb-container uagb-block-06eb00be\">\n<div class=\"wp-block-uagb-advanced-heading uagb-block-09b917d6\"><h3 class=\"uagb-heading-text\">Poukisa ou bezwen pi bon avoka b\u00f2 kote w<\/h3><\/div>\n<\/div>\n\n\n\n<div class=\"wp-block-uagb-container uagb-block-623eb929\">\n<div class=\"wp-block-uagb-advanced-heading uagb-block-5c36e592\"><p class=\"uagb-desc-text\">Li enp\u00f2tan pou ou gen yon bon avoka ki f\u00e8 pati Saint's Law Firm paske sa pral p\u00e8m\u00e8t ou kontre fas kare ak pwobl\u00e8m legal ki konplike san dlo nan je. Saint's Law Firm ap ba ou bonjan kons\u00e8y eksp\u00e8, planifye ak estrateji, epi reprezante ou ak f\u00f2s, pou asire yo pwoteje dwa ou epi yo reprezante dosye ou a k\u00f2msadwa. Ou m\u00e8t f\u00e8 nou konfyans pou jwenn pi bon rezilta posib pou ou.<\/p><\/div>\n<\/div>\n<\/div><\/div>\n\n\n\n<div class=\"wp-block-uagb-container uagb-block-b9c90816 alignfull uagb-is-root-container\"><div class=\"uagb-container-inner-blocks-wrap\">\n<div class=\"wp-block-uagb-container uagb-block-0aece5e8\">\n<div class=\"wp-block-uagb-info-box uagb-block-79d5f441 uagb-infobox__content-wrap  uagb-infobox-icon-above-title uagb-infobox-image-valign-top\"><div class=\"uagb-ifb-content\"><div class=\"uagb-ifb-title-wrap\"><span class=\"uagb-ifb-title-prefix\">Nan kisa nou maton<\/span><h2 class=\"uagb-ifb-title\">Nan ki dom\u00e8n nou espesyalize<\/h2><\/div><p class=\"uagb-ifb-desc\">L\u00e8 yo akize w pou yon zak krimin\u00e8l oswa ba w yon tik\u00e8 pandan w ap kondi<\/p><\/div><\/div>\n\n\n\n<div class=\"wp-block-uagb-container uagb-block-0c4e3a83\">\n<div class=\"wp-block-uagb-container uagb-block-3c745e7a\">\n<div class=\"wp-block-uagb-info-box uagb-block-a23f63aa uagb-infobox__content-wrap  uagb-infobox-icon-above-title uagb-infobox-image-valign-top\"><div class=\"uagb-ifb-content\"><div class=\"uagb-ifb-title-wrap\"><h5 class=\"uagb-ifb-title\">DUI<\/h5><\/div><p class=\"uagb-ifb-desc\">\u00c8ske yo akize w pou Kondi sou Enfliyans Dw\u00f2g oswa Alk\u00f2l (Driving Under the Influence, DUI nan lang angle a)? Ekip defans legal pou DUI nou an ap travay di pou pwoteje dwa ou yo epi redui konsekans akizasyon pou moun k ap kondi pandan yo sou.<\/p><\/div><\/div>\n<\/div>\n\n\n\n<div class=\"wp-block-uagb-container uagb-block-000af8ae\">\n<div class=\"wp-block-uagb-info-box uagb-block-cfcc3455 uagb-infobox__content-wrap  uagb-infobox-icon-above-title uagb-infobox-image-valign-top\"><div class=\"uagb-ifb-content\"><div class=\"uagb-ifb-title-wrap\"><h5 class=\"uagb-ifb-title\">Vyolasyon kondisyon liberasyon<\/h5><\/div><p class=\"uagb-ifb-desc\">\u00c8ske w ap f\u00e8 fas ak yon akizasyon ki di ou te vyole kondisyon liberasyon ou? Sa ki rele \"probation\" nan lang angle a. Ekip legal nou an ap pwopoze estrateji defans ki djanm pou pwoteje dwa w ak lib\u00e8te w.<\/p><\/div><\/div>\n<\/div>\n\n\n\n<div class=\"wp-block-uagb-container uagb-block-1802aa8c\">\n<div class=\"wp-block-uagb-info-box uagb-block-e800f2a3 uagb-infobox__content-wrap  uagb-infobox-icon-above-title uagb-infobox-image-valign-top\"><div class=\"uagb-ifb-content\"><div class=\"uagb-ifb-title-wrap\"><h5 class=\"uagb-ifb-title\">Ofans ki gen rap\u00f2 ak dw\u00f2g<\/h5><\/div><p class=\"uagb-ifb-desc\">\u00c8ske yo akize w pou yon ofans ki gen rap\u00f2 ak dw\u00f2g? Avoka nou yo gen anpil eksperyans. Y ap travay pou defann dwa ou epi jwenn pi bon rezilta posib pou dosye w la.<\/p><\/div><\/div>\n<\/div>\n\n\n\n<div class=\"wp-block-uagb-container uagb-block-e56a91bc\">\n<div class=\"wp-block-uagb-info-box uagb-block-9f552b7e uagb-infobox__content-wrap  uagb-infobox-icon-above-title uagb-infobox-image-valign-top\"><div class=\"uagb-ifb-content\"><div class=\"uagb-ifb-title-wrap\"><h5 class=\"uagb-ifb-title\">Ofans ki gen rap\u00f2 ak zam<\/h5><\/div><p class=\"uagb-ifb-desc\">\u00c8ske w ap f\u00e8 fas ak yon akizasyon pou yon ofans ki gen rap\u00f2 ak zam? Mete konfyans ou nan ekip legal nou an pou reprezante ou ak tout f\u00f2s ak kouray yo pou pwoteje dwa ou.<\/p><\/div><\/div>\n<\/div>\n<\/div>\n\n\n\n<div class=\"wp-block-uagb-container uagb-block-943b9199\">\n<div class=\"wp-block-uagb-container uagb-block-081a2167\">\n<div class=\"wp-block-uagb-info-box uagb-block-960b4b00 uagb-infobox__content-wrap  uagb-infobox-icon-above-title uagb-infobox-image-valign-top\"><div class=\"uagb-ifb-content\"><div class=\"uagb-ifb-title-wrap\"><h5 class=\"uagb-ifb-title\">Ofans ki gen rap\u00f2 ak v\u00f2l ak fwod<\/h5><\/div><p class=\"uagb-ifb-desc\">\u00c8ske yo akize w pou v\u00f2l oswa fwod? Avoka nou yo konpetan. Y ap travay pou defann dwa ou yo epi redui konsekans akizasyon sa yo.<\/p><\/div><\/div>\n<\/div>\n\n\n\n<div class=\"wp-block-uagb-container uagb-block-0db54f87\">\n<div class=\"wp-block-uagb-info-box uagb-block-f6316542 uagb-infobox__content-wrap  uagb-infobox-icon-above-title uagb-infobox-image-valign-top\"><div class=\"uagb-ifb-content\"><div class=\"uagb-ifb-title-wrap\"><h5 class=\"uagb-ifb-title\">Kanbriyolaj<\/h5><\/div><p class=\"uagb-ifb-desc\">\u00c8ske yo te mete akizasyon kanbriyolaj sou do w? Ki vle di kase kay yon moun. Eksp\u00e8 legal nou yo pran angajman pou bati yon defans ki solid epi pwoteje dwa w nan tribinal.<\/p><\/div><\/div>\n<\/div>\n\n\n\n<div class=\"wp-block-uagb-container uagb-block-24ae8e79\">\n<div class=\"wp-block-uagb-info-box uagb-block-91b96a49 uagb-infobox__content-wrap  uagb-infobox-icon-above-title uagb-infobox-image-valign-top\"><div class=\"uagb-ifb-content\"><div class=\"uagb-ifb-title-wrap\"><h5 class=\"uagb-ifb-title\">V\u00f2l<\/h5><\/div><p class=\"uagb-ifb-desc\">\u00c8ske yo akize w pou v\u00f2l? Ekip legal nou an gen eksperyans nan pwopoze estrateji defans ki djanm pou pwoteje dwa ou epi goumen pou lib\u00e8te w.<\/p><\/div><\/div>\n<\/div>\n\n\n\n<div class=\"wp-block-uagb-container uagb-block-c556a2f9\">\n<div class=\"wp-block-uagb-info-box uagb-block-5862fdfb uagb-infobox__content-wrap  uagb-infobox-icon-above-title uagb-infobox-image-valign-top\"><div class=\"uagb-ifb-content\"><div class=\"uagb-ifb-title-wrap\"><h5 class=\"uagb-ifb-title\">Bay moun kou<\/h5><\/div><p class=\"uagb-ifb-desc\">\u00c8ske w gen yon akizasyon ki di w te bay yon moun kou? Avoka nou yo ap travay san pran souf pou defann dwa w epi jwenn pi bon rezilta posib.<\/p><\/div><\/div>\n<\/div>\n<\/div>\n\n\n\n<div class=\"wp-block-uagb-container uagb-block-daec2a2c\">\n<div class=\"wp-block-uagb-container uagb-block-810fc737\">\n<div class=\"wp-block-uagb-info-box uagb-block-068f5339 uagb-infobox__content-wrap  uagb-infobox-icon-above-title uagb-infobox-image-valign-top\"><div class=\"uagb-ifb-content\"><div class=\"uagb-ifb-title-wrap\"><h5 class=\"uagb-ifb-title\">Vyolans Domestik<\/h5><\/div><p class=\"uagb-ifb-desc\">\u00c8ske yo akize w pou vyolans domestik? Avoka nou yo gen bon k\u00e8 epi yo bay bonjan estrateji defans pou pwoteje dwa ou ak repitasyon ou.<\/p><\/div><\/div>\n<\/div>\n\n\n\n<div class=\"wp-block-uagb-container uagb-block-1d66b30a\">\n<div class=\"wp-block-uagb-info-box uagb-block-c805456f uagb-infobox__content-wrap  uagb-infobox-icon-above-title uagb-infobox-image-valign-top\"><div class=\"uagb-ifb-content\"><div class=\"uagb-ifb-title-wrap\"><h5 class=\"uagb-ifb-title\">Antre sou pwopriyete l\u00f2t moun san otorizasyon<\/h5><\/div><p class=\"uagb-ifb-desc\">\u00c8ske yo te mete akizasyon ki di ou te antre sou pwopriyete l\u00f2t moun san otorizasyon? Ekip legal nou an develope estrateji defans agresif pou pwoteje dwa ou yo epi jwenn pi bon rezilta.<\/p><\/div><\/div>\n<\/div>\n\n\n\n<div class=\"wp-block-uagb-container uagb-block-d8c6c73d\">\n<div class=\"wp-block-uagb-info-box uagb-block-56a6c830 uagb-infobox__content-wrap  uagb-infobox-icon-above-title uagb-infobox-image-valign-top\"><div class=\"uagb-ifb-content\"><div class=\"uagb-ifb-title-wrap\"><h5 class=\"uagb-ifb-title\">Kondi av\u00e8k enpridans<\/h5><\/div><p class=\"uagb-ifb-desc\">\u00c8ske yo te mete akizasyon ki di ou te kondi av\u00e8k enpridans? Avoka nou yo ap pwopoze defans estratejik pou redui konsekans yo epi pwoteje dosye chof\u00e8 ou.<\/p><\/div><\/div>\n<\/div>\n\n\n\n<div class=\"wp-block-uagb-container uagb-block-c02e7aa6\">\n<div class=\"wp-block-uagb-info-box uagb-block-9c37ff92 uagb-infobox__content-wrap  uagb-infobox-icon-above-title uagb-infobox-image-valign-top\"><div class=\"uagb-ifb-content\"><div class=\"uagb-ifb-title-wrap\"><h5 class=\"uagb-ifb-title\">Kondi pandan yo te sispann oswa pran lisans ou<\/h5><\/div><p class=\"uagb-ifb-desc\">\u00c8ske w ap f\u00e8 fas ak akizasyon ki di ou t ap kondi ak yon lisans yo te sispann oswa anile? Ekip legal nou an pwopoze defans ki djanm pou pwoteje dwa ou yo.<\/p><\/div><\/div>\n<\/div>\n<\/div>\n\n\n\n<div class=\"wp-block-uagb-container uagb-block-d436349a\">\n<div class=\"wp-block-uagb-container uagb-block-85866851\">\n<div class=\"wp-block-uagb-info-box uagb-block-9515155f uagb-infobox__content-wrap  uagb-infobox-icon-above-title uagb-infobox-image-valign-top\"><div class=\"uagb-ifb-content\"><div class=\"uagb-ifb-title-wrap\"><h5 class=\"uagb-ifb-title\">Kondi san lisans<\/h5><\/div><p class=\"uagb-ifb-desc\">Yo akize w ap kondi san lisans? Avoka nou yo bay bonjan defans pou pwoteje dwa w ak privil\u00e8j pou ou gen pou kondi yo.<\/p><\/div><\/div>\n<\/div>\n\n\n\n<div class=\"wp-block-uagb-container uagb-block-cdd67eb1\">\n<div class=\"wp-block-uagb-info-box uagb-block-31cf6163 uagb-infobox__content-wrap  uagb-infobox-icon-above-title uagb-infobox-image-valign-top\"><div class=\"uagb-ifb-content\"><div class=\"uagb-ifb-title-wrap\"><h5 class=\"uagb-ifb-title\">Lisans oubyen papye machin nan pa t av\u00e8 w l\u00e8 w t ap kondi<\/h5><\/div><p class=\"uagb-ifb-desc\">\u00c8ske yo te akize w lisans oubyen papye machin nan pa t av\u00e8 w l\u00e8 w t  ap kondi? Ekip legal nou an ap travay pou pwoteje dwa w epi redui enpak akizasyon sa yo.<\/p><\/div><\/div>\n<\/div>\n\n\n\n<div class=\"wp-block-uagb-container uagb-block-0a6b8ea8\">\n<div class=\"wp-block-uagb-info-box uagb-block-dd0a14fa uagb-infobox__content-wrap  uagb-infobox-icon-above-title uagb-infobox-image-valign-top\"><div class=\"uagb-ifb-content\"><div class=\"uagb-ifb-title-wrap\"><h5 class=\"uagb-ifb-title\">Kondi tw\u00f2 vit<\/h5><\/div><p class=\"uagb-ifb-desc\">\u00c8ske yo te akize w pou eks\u00e8 vit\u00e8s? Avoka nou yo ap pwopoze bonjan defans pou redui konsekans yo epi pwoteje dosye chof\u00e8 ou.<\/p><\/div><\/div>\n<\/div>\n\n\n\n<div class=\"wp-block-uagb-container uagb-block-e46b7352\">\n<div class=\"wp-block-uagb-info-box uagb-block-2dd2fd46 uagb-infobox__content-wrap  uagb-infobox-icon-above-title uagb-infobox-image-valign-top\"><div class=\"uagb-ifb-content\"><div class=\"uagb-ifb-title-wrap\"><h5 class=\"uagb-ifb-title\">Restorasyon lisans oubyen p\u00e8mi kondi<\/h5><\/div><p class=\"uagb-ifb-desc\">\u00c8ske ou bezwen \u00e8d pou yo rem\u00e8t ou lisans oubyen p\u00e8mi kondi ou? Ekip legal nou an bay kons\u00e8y epi reprezante ou nan demach pou yo rem\u00e8t ou lisans ou.<\/p><\/div><\/div>\n<\/div>\n<\/div>\n<\/div>\n<\/div><\/div>\n\n\n\n<div class=\"wp-block-uagb-container uagb-block-c8c30fd7 alignfull uagb-is-root-container\"><div class=\"uagb-container-inner-blocks-wrap\">\n<div class=\"wp-block-uagb-container uagb-block-5a58b0c2\">\n<div class=\"wp-block-uagb-info-box uagb-block-dd9751e6 uagb-infobox__content-wrap  uagb-infobox-icon-above-title uagb-infobox-image-valign-top\"><div class=\"uagb-ifb-content\"><div class=\"uagb-ifb-title-wrap\"><span class=\"uagb-ifb-title-prefix\">Nan kisa nou maton<\/span><h2 class=\"uagb-ifb-title\">Nan ki dom\u00e8n nou espesyalize<\/h2><\/div><p class=\"uagb-ifb-desc\">Moun ki blese oswa soufri akoz neglijans yon l\u00f2t<\/p><\/div><\/div>\n\n\n\n<div class=\"wp-block-uagb-container uagb-layout-grid uagb-block-2d403843\">\n<div class=\"wp-block-uagb-container uagb-block-4eaf4000\">\n<div class=\"wp-block-uagb-info-box uagb-block-04a33988 uagb-infobox__content-wrap  uagb-infobox-icon-above-title uagb-infobox-image-valign-top\"><div class=\"uagb-ifb-content\"><div class=\"uagb-ifb-title-wrap\"><h5 class=\"uagb-ifb-title\">Aksidan machin<\/h5><\/div><p class=\"uagb-ifb-desc\">Ekip nou an gen anpil eksperyans nan goumen pou dwa ou epi ede ou touche yon bon konpansasyon jis apre yon aksidan machin, pou asire ou jwenn jistis pou ch\u00f2k ou yo.<\/p><\/div><\/div>\n<\/div>\n\n\n\n<div class=\"wp-block-uagb-container uagb-block-8519306b\">\n<div class=\"wp-block-uagb-info-box uagb-block-bf1efdf8 uagb-infobox__content-wrap  uagb-infobox-icon-above-title uagb-infobox-image-valign-top\"><div class=\"uagb-ifb-content\"><div class=\"uagb-ifb-title-wrap\"><h5 class=\"uagb-ifb-title\">Aksidan motosikl\u00e8t<\/h5><\/div><p class=\"uagb-ifb-desc\">Si ou te nan yon aksidan motosikl\u00e8t, mete konfyans ou nan avoka kalifye nou yo pou pousuiv konpansasyon ou merite pou ch\u00f2k ou pran yo.<\/p><\/div><\/div>\n<\/div>\n\n\n\n<div class=\"wp-block-uagb-container uagb-block-8c284bc8\">\n<div class=\"wp-block-uagb-info-box uagb-block-c2f3de05 uagb-infobox__content-wrap  uagb-infobox-icon-above-title uagb-infobox-image-valign-top\"><div class=\"uagb-ifb-content\"><div class=\"uagb-ifb-title-wrap\"><h5 class=\"uagb-ifb-title\">Glise epi tonbe sou pwopriyete l\u00f2t moun<\/h5><\/div><p class=\"uagb-ifb-desc\">L\u00e8 ou glise epi tonbe sou yon pwopriyete ak\u00f2z neglijans epi ou pran yon ch\u00f2k, eksp\u00e8 legal nou yo ap travay san pran souf pou w touche konpansasyon pou soufrans ou an.<\/p><\/div><\/div>\n<\/div>\n<\/div>\n<\/div>\n<\/div><\/div>\n\n\n\n<div class=\"wp-block-uagb-container uagb-block-f98e3f0b alignfull uagb-is-root-container\"><div class=\"uagb-container-inner-blocks-wrap\">\n<div class=\"wp-block-uagb-advanced-heading uagb-block-cb594884\"><h5 class=\"uagb-heading-text\">Rele nou 24 sou 24, 7 jou sou 7<\/h5><\/div>\n\n\n\n<div class=\"wp-block-uagb-advanced-heading uagb-block-29939e2f\"><h2 class=\"uagb-heading-text\">(240) 408-8358<\/h2><p class=\"uagb-desc-text\">OSWA<\/p><\/div>\n\n\n\n<div class=\"wp-block-uagb-advanced-heading uagb-block-8283857e\"><h3 class=\"uagb-heading-text\">Resevwa premye konsiltasyon ou GRATIS!<\/h3><\/div>\n\n\n\n<div class=\"wp-block-uagb-buttons uagb-buttons__outer-wrap uagb-btn__default-btn uagb-btn-tablet__default-btn uagb-btn-mobile__default-btn uagb-block-2d7821fa\"><div class=\"uagb-buttons__wrap uagb-buttons-layout-wrap\">\n<div class=\"wp-block-uagb-buttons-child uagb-buttons__outer-wrap uagb-block-1a4225ca wp-block-button is-style-outline\"><div class=\"uagb-button__wrapper\"><a class=\"uagb-buttons-repeater wp-block-button__link\" aria-label=\"\" href=\"https:\/\/saintslawfirm.com\/haitian-creole\/contact\/\" rel=\"follow noopener\" target=\"_self\" role=\"button\"><div class=\"uagb-button__link\">Mande yon Randevou<\/div><\/a><\/div><\/div>\n<\/div><\/div>\n<\/div><\/div>","protected":false},"excerpt":{"rendered":"<p>Practice Areas\u200b Why You Need The Top Lawyers\u200b Having a top lawyer from Saint\u2019s Law Firm is crucial for navigating complex legal issues with confidence. Saint\u2019s Law Firm offers expert advice, strategic planning, and aggressive representation, ensuring your rights are protected and your case is presented effectively. Trust us to achieve the best possible outcome [&hellip;]<\/p>\n","protected":false},"author":1,"featured_media":0,"parent":0,"menu_order":0,"comment_status":"closed","ping_status":"closed","template":"","meta":{"_uag_custom_page_level_css":"","footnotes":""},"class_list":["post-67","page","type-page","status-publish","hentry"],"blocksy_meta":[],"uagb_featured_image_src":{"full":false,"thumbnail":false,"medium":false,"medium_large":false,"large":false,"1536x1536":false,"2048x2048":false,"trp-custom-language-flag":false},"uagb_author_info":{"display_name":"Admin","author_link":"https:\/\/saintslawfirm.com\/haitian-creole\/author\/admin\/"},"uagb_comment_info":0,"uagb_excerpt":"Practice Areas\u200b Why You Need The Top Lawyers\u200b Having a top lawyer from Saint\u2019s Law Firm is crucial for navigating complex legal issues with confidence. Saint\u2019s Law Firm offers expert advice, strategic planning, and aggressive representation, ensuring your rights are protected and your case is presented effectively. Trust us to achieve the best possible outcome&hellip;","_links":{"self":[{"href":"https:\/\/saintslawfirm.com\/haitian-creole\/wp-json\/wp\/v2\/pages\/67","targetHints":{"allow":["GET"]}}],"collection":[{"href":"https:\/\/saintslawfirm.com\/haitian-creole\/wp-json\/wp\/v2\/pages"}],"about":[{"href":"https:\/\/saintslawfirm.com\/haitian-creole\/wp-json\/wp\/v2\/types\/page"}],"author":[{"embeddable":true,"href":"https:\/\/saintslawfirm.com\/haitian-creole\/wp-json\/wp\/v2\/users\/1"}],"replies":[{"embeddable":true,"href":"https:\/\/saintslawfirm.com\/haitian-creole\/wp-json\/wp\/v2\/comments?post=67"}],"version-history":[{"count":31,"href":"https:\/\/saintslawfirm.com\/haitian-creole\/wp-json\/wp\/v2\/pages\/67\/revisions"}],"predecessor-version":[{"id":939,"href":"https:\/\/saintslawfirm.com\/haitian-creole\/wp-json\/wp\/v2\/pages\/67\/revisions\/939"}],"wp:attachment":[{"href":"https:\/\/saintslawfirm.com\/haitian-creole\/wp-json\/wp\/v2\/media?parent=67"}],"curies":[{"name":"wp","href":"https:\/\/api.w.org\/{rel}","templated":true}]}}