{"id":66,"date":"2024-06-10T21:36:40","date_gmt":"2024-06-10T21:36:40","guid":{"rendered":"https:\/\/saintslawfirm.com\/about\/"},"modified":"2025-02-21T11:59:02","modified_gmt":"2025-02-21T11:59:02","slug":"about","status":"publish","type":"page","link":"https:\/\/saintslawfirm.com\/haitian-creole\/about\/","title":{"rendered":"Kons\u00e8nan"},"content":{"rendered":"<div class=\"wp-block-uagb-container uagb-block-80a45300 alignfull uagb-is-root-container\"><div class=\"uagb-container-inner-blocks-wrap\">\n<div class=\"wp-block-uagb-advanced-heading uagb-block-c058df85\"><h1 class=\"uagb-heading-text\">Kiy\u00e8s nou ye<\/h1><\/div>\n<\/div><\/div>\n\n\n\n<div class=\"wp-block-uagb-container uagb-block-ca06ae72 alignfull uagb-is-root-container\"><div class=\"uagb-container-inner-blocks-wrap\">\n<div class=\"wp-block-uagb-container uagb-block-6a2e822b\">\n<div class=\"wp-block-uagb-info-box uagb-block-6b6433c6 uagb-infobox__content-wrap  uagb-infobox-icon-above-title uagb-infobox-image-valign-top\"><div class=\"uagb-ifb-content\"><div class=\"uagb-ifb-icon-wrap\"><svg xmlns=\"https:\/\/www.w3.org\/2000\/svg\" viewbox=\"0 0 512 512\"><path d=\"M45.63 79.75L52 81.25v58.5C45 143.9 40 151.3 40 160c0 8.375 4.625 15.38 11.12 19.75L35.5 242C33.75 248.9 37.63 256 43.13 256h41.75c5.5 0 9.375-7.125 7.625-13.1L76.88 179.8C83.38 175.4 88 168.4 88 160c0-8.75-5-16.12-12-20.25V87.13L128 99.63l.001 60.37c0 70.75 57.25 128 128 128s127.1-57.25 127.1-128L384 99.62l82.25-19.87c18.25-4.375 18.25-27 0-31.5l-190.4-46c-13-3-26.62-3-39.63 0l-190.6 46C27.5 52.63 27.5 75.38 45.63 79.75zM359.2 312.8l-103.2 103.2l-103.2-103.2c-69.93 22.3-120.8 87.2-120.8 164.5C32 496.5 47.53 512 66.67 512h378.7C464.5 512 480 496.5 480 477.3C480 400 429.1 335.1 359.2 312.8z\"><\/path><\/svg><\/div><div class=\"uagb-ifb-title-wrap\"><h5 class=\"uagb-ifb-title\">Eksp\u00e8 ki kalifye nan dwa<\/h5><\/div><p class=\"uagb-ifb-desc\">Saint's Law Firm gen yon ekip eksp\u00e8 ki kalifye nan dwa, ki dedye pou bay bonjan reprezantasyon epi jwenn pi bon rezilta posib pou kliyan nou yo.<\/p><\/div><\/div>\n\n\n\n<div class=\"wp-block-uagb-info-box uagb-block-2a72fd81 uagb-infobox__content-wrap  uagb-infobox-icon-above-title uagb-infobox-image-valign-top\"><div class=\"uagb-ifb-content\"><div class=\"uagb-ifb-icon-wrap\"><svg xmlns=\"https:\/\/www.w3.org\/2000\/svg\" viewbox=\"0 0 640 512\"><path d=\"M554.9 154.5c-17.62-35.25-68.12-35.38-85.87 0c-87 174.3-84.1 165.9-84.1 181.5c0 44.13 57.25 80 128 80s127.1-35.88 127.1-80C639.1 319.9 641.4 327.3 554.9 154.5zM439.1 320l71.96-144l72.17 144H439.1zM256 336c0-16.12 1.375-8.75-85.12-181.5c-17.62-35.25-68.12-35.38-85.87 0c-87 174.3-84.1 165.9-84.1 181.5c0 44.13 57.25 80 127.1 80S256 380.1 256 336zM127.9 176L200.1 320H55.96L127.9 176zM495.1 448h-143.1V153.3C375.5 143 393.1 121.8 398.4 96h113.6c17.67 0 31.1-14.33 31.1-32s-14.33-32-31.1-32h-128.4c-14.62-19.38-37.5-32-63.62-32S270.1 12.62 256.4 32H128C110.3 32 96 46.33 96 64S110.3 96 127.1 96h113.6c5.25 25.75 22.87 47 46.37 57.25V448H144c-26.51 0-48.01 21.49-48.01 48c0 8.836 7.165 16 16 16h416c8.836 0 16-7.164 16-16C544 469.5 522.5 448 495.1 448z\"><\/path><\/svg><\/div><div class=\"uagb-ifb-title-wrap\"><h5 class=\"uagb-ifb-title\">Plizy\u00e8 ane eksperyans<\/h5><\/div><p class=\"uagb-ifb-desc\">Epi nou an gen plizy\u00e8 ane eksperyans, ki p\u00e8m\u00e8t nou bati yon repitasyon solid nan reprezante kliyan nou yo k\u00f2msadwa epi jwenn bon rezilta.<\/p><\/div><\/div>\n<\/div>\n<\/div><\/div>\n\n\n\n<div class=\"wp-block-uagb-container uagb-block-e7f18e9f alignfull uagb-is-root-container\"><div class=\"uagb-container-inner-blocks-wrap\">\n<div class=\"wp-block-uagb-info-box uagb-block-01da6c10 uagb-infobox__content-wrap  uagb-infobox-icon-above-title uagb-infobox-image-valign-top\"><div class=\"uagb-ifb-content\"><div class=\"uagb-ifb-title-wrap\"><span class=\"uagb-ifb-title-prefix\">Avoka pledwari ki pwofesyon\u00e8l epi chaje ak eksperyans<\/span><h2 class=\"uagb-ifb-title\">Biyografi mwen<\/h2><\/div><p class=\"uagb-ifb-desc\">Widner Saint-Cyr (\"Saint\") te resevwa lisans li nan University of Maryland, ak yon espesyalizasyon nan Kriminoloji ak Jistis Krimin\u00e8l, ak yon espesyalizasyon segond\u00e8 nan lid\u00e8chip. Saint te diplome nan Fakilte Dwa Saint Louis University ak yon espesyalizasyon nan Dwa Ent\u00e8nasyonal ak Dwa Konparatif.<br>Apre li te fin diplome nan fakilte dwa, Saint te travay k\u00f2m yon defans\u00e8 piblik nan Biwo Defans\u00e8 Piblik Eta Missouri a nan Clayton, Missouri; ak Biwo Defans\u00e8 Piblik Nevy\u00e8m Awondisman Jidisy\u00e8 nan Orlando, Florida. K\u00f2m yon defans\u00e8 piblik, anpil nan kliyan Saint yo te jwenn yon v\u00e8dik ki di yo pa koupab l\u00e8 yo te ale nan jijman. Eksperyans Saint yo varye: soti nan reprezante kliyan nan akizasyon pou ti krim min\u00e8 jiska akizasyon pou krim premye degre.  Epitou, Saint te reprezante biznis nan zaf\u00e8 responsablite ki gen pou w\u00e8 av\u00e8k lokal yo ak pwodwi yo, ansanm ak aksidan machin.<br><br>L\u00e8 li p ap defann kliyan li antake avoka, Saint renmen jwe foutb\u00f2l ak pase tan av\u00e8k fanmi li. Saint se yon ansyen foutb\u00f2l\u00e8 pwofesyon\u00e8l ki te ranp\u00f2te plizy\u00e8 chanpyona ak University of Maryland epi li te reprezante ekip foutb\u00f2l nasyonal ayisyen an nan div\u00e8s konpetisyon ent\u00e8nasyonal pou j\u00e8n. Saint pwom\u00e8t pou l goumen nan sal tribinal la pou ou menm jan li te konn f\u00e8 sou teren foutb\u00f2l la.<\/p><div class=\"uagb-ifb-separator\"><\/div><\/div><\/div>\n\n\n\n<div class=\"wp-block-uagb-container uagb-block-03161845\">\n<div class=\"wp-block-uagb-image uagb-block-eeaee521 wp-block-uagb-image--layout-default wp-block-uagb-image--effect-static wp-block-uagb-image--align-none\"><figure class=\"wp-block-uagb-image__figure\"><img decoding=\"async\" srcset=\"https:\/\/saintslawfirm.com\/wp-content\/uploads\/2024\/06\/img-1.jpg ,https:\/\/saintslawfirm.com\/wp-content\/uploads\/2024\/06\/img-1.jpg 780w, https:\/\/saintslawfirm.com\/wp-content\/uploads\/2024\/06\/img-1.jpg 360w\" sizes=\"auto, (max-width: 480px) 150px\" src=\"https:\/\/saintslawfirm.com\/wp-content\/uploads\/2024\/06\/img-1.jpg\" alt=\"\" class=\"uag-image-534\" width=\"700\" height=\"700\" title=\"img\" loading=\"lazy\" role=\"img\"\/><\/figure><\/div>\n<\/div>\n<\/div><\/div>\n\n\n\n<div class=\"wp-block-uagb-container uagb-block-c9bf314d alignfull uagb-is-root-container\"><div class=\"uagb-container-inner-blocks-wrap\">\n<div class=\"wp-block-uagb-advanced-heading uagb-block-052fc152\"><h5 class=\"uagb-heading-text\">Rele nou 24 sou 24, 7 jou sou 7<\/h5><\/div>\n\n\n\n<div class=\"wp-block-uagb-advanced-heading uagb-block-b57017be\"><h2 class=\"uagb-heading-text\">(240) 487-8358<\/h2><p class=\"uagb-desc-text\">OSWA<\/p><\/div>\n\n\n\n<div class=\"wp-block-uagb-advanced-heading uagb-block-1633fa09\"><h3 class=\"uagb-heading-text\">Resevwa premye konsiltasyon ou GRATIS!<\/h3><\/div>\n\n\n\n<div class=\"wp-block-uagb-buttons uagb-buttons__outer-wrap uagb-btn__default-btn uagb-btn-tablet__default-btn uagb-btn-mobile__default-btn uagb-block-63f19bd9\"><div class=\"uagb-buttons__wrap uagb-buttons-layout-wrap\">\n<div class=\"wp-block-uagb-buttons-child uagb-buttons__outer-wrap uagb-block-66434fe1 wp-block-button is-style-outline\"><div class=\"uagb-button__wrapper\"><a class=\"uagb-buttons-repeater wp-block-button__link\" aria-label=\"\" href=\"https:\/\/saintslawfirm.com\/haitian-creole\/contact\/\" rel=\"follow noopener\" target=\"_self\" role=\"button\"><div class=\"uagb-button__link\">Mande yon Randevou<\/div><\/a><\/div><\/div>\n<\/div><\/div>\n<\/div><\/div>","protected":false},"excerpt":{"rendered":"<p>About Us\u200b Call Us 24\/7\u200b (240) 487-8358 OR Get Your First Consultation FREE!\u200b<\/p>","protected":false},"author":1,"featured_media":0,"parent":0,"menu_order":0,"comment_status":"closed","ping_status":"closed","template":"","meta":{"_uag_custom_page_level_css":"","footnotes":""},"class_list":["post-66","page","type-page","status-publish","hentry"],"blocksy_meta":[],"uagb_featured_image_src":{"full":false,"thumbnail":false,"medium":false,"medium_large":false,"large":false,"1536x1536":false,"2048x2048":false,"trp-custom-language-flag":false},"uagb_author_info":{"display_name":"Admin","author_link":"https:\/\/saintslawfirm.com\/haitian-creole\/author\/admin\/"},"uagb_comment_info":0,"uagb_excerpt":"About Us\u200b Call Us 24\/7\u200b (240) 487-8358 OR Get Your First Consultation FREE!\u200b","_links":{"self":[{"href":"https:\/\/saintslawfirm.com\/haitian-creole\/wp-json\/wp\/v2\/pages\/66","targetHints":{"allow":["GET"]}}],"collection":[{"href":"https:\/\/saintslawfirm.com\/haitian-creole\/wp-json\/wp\/v2\/pages"}],"about":[{"href":"https:\/\/saintslawfirm.com\/haitian-creole\/wp-json\/wp\/v2\/types\/page"}],"author":[{"embeddable":true,"href":"https:\/\/saintslawfirm.com\/haitian-creole\/wp-json\/wp\/v2\/users\/1"}],"replies":[{"embeddable":true,"href":"https:\/\/saintslawfirm.com\/haitian-creole\/wp-json\/wp\/v2\/comments?post=66"}],"version-history":[{"count":30,"href":"https:\/\/saintslawfirm.com\/haitian-creole\/wp-json\/wp\/v2\/pages\/66\/revisions"}],"predecessor-version":[{"id":938,"href":"https:\/\/saintslawfirm.com\/haitian-creole\/wp-json\/wp\/v2\/pages\/66\/revisions\/938"}],"wp:attachment":[{"href":"https:\/\/saintslawfirm.com\/haitian-creole\/wp-json\/wp\/v2\/media?parent=66"}],"curies":[{"name":"wp","href":"https:\/\/api.w.org\/{rel}","templated":true}]}}