{"id":65,"date":"2024-06-10T21:36:40","date_gmt":"2024-06-10T21:36:40","guid":{"rendered":"https:\/\/saintslawfirm.com\/home\/"},"modified":"2025-02-21T12:53:23","modified_gmt":"2025-02-21T12:53:23","slug":"home","status":"publish","type":"page","link":"https:\/\/saintslawfirm.com\/haitian-creole\/","title":{"rendered":"Lakay"},"content":{"rendered":"<div class=\"wp-block-uagb-container uagb-block-bee04707 alignfull uagb-is-root-container\"><div class=\"uagb-container-inner-blocks-wrap\">\n<div class=\"wp-block-uagb-container uagb-block-deae7ba0\">\n<div class=\"wp-block-uagb-info-box uagb-block-197bf88c uagb-infobox__content-wrap  uagb-infobox-icon-above-title uagb-infobox-image-valign-top\"><div class=\"uagb-ifb-content\"><div class=\"uagb-ifb-title-wrap\"><span class=\"uagb-ifb-title-prefix\">Misyon nou se akonpaye kliyan nou yo pou yo ka reyisi<\/span><h1 class=\"uagb-ifb-title\">Pwoteje dwa w.<br>Defann lib\u00e8te w.&nbsp;<\/h1><\/div><\/div><\/div>\n<\/div>\n\n\n\n<div class=\"wp-block-uagb-container uagb-block-cb0b6420\">\n<div class=\"wp-block-uagb-container uagb-block-0aa7cd28\">\n<div class=\"wp-block-uagb-icon-list uagb-block-a6c786ad\"><div class=\"uagb-icon-list__wrap\">\n<div class=\"wp-block-uagb-icon-list-child uagb-block-8e5f092a\"><span class=\"uagb-icon-list__source-wrap\"><svg xmlns=\"https:\/\/www.w3.org\/2000\/svg\" viewbox=\"0 0 320 512\"><path d=\"M320 144C320 223.5 255.5 288 176 288C96.47 288 32 223.5 32 144C32 64.47 96.47 0 176 0C255.5 0 320 64.47 320 144zM192 64C192 55.16 184.8 48 176 48C122.1 48 80 90.98 80 144C80 152.8 87.16 160 96 160C104.8 160 112 152.8 112 144C112 108.7 140.7 80 176 80C184.8 80 192 72.84 192 64zM144 480V317.1C154.4 319 165.1 319.1 176 319.1C186.9 319.1 197.6 319 208 317.1V480C208 497.7 193.7 512 176 512C158.3 512 144 497.7 144 480z\"><\/path><\/svg><\/span><span class=\"uagb-icon-list__label\">Adr\u00e8s nou<\/span><\/div>\n<\/div><\/div>\n\n\n\n<div class=\"wp-block-uagb-advanced-heading uagb-block-26f15827\"><p class=\"uagb-heading-text\">924 N Magnolia Ave Suite 202<br>Orlando, FL 32803<\/p><\/div>\n<\/div>\n<\/div>\n<\/div><\/div>\n\n\n\n<div class=\"wp-block-uagb-container uagb-block-1c4b3984 alignfull uagb-is-root-container\"><div class=\"uagb-container-inner-blocks-wrap\">\n<div class=\"wp-block-uagb-container uagb-block-64749e32\">\n<div class=\"wp-block-uagb-info-box uagb-block-7f9e9467 uagb-infobox__content-wrap  uagb-infobox-icon-above-title uagb-infobox-image-valign-top\"><div class=\"uagb-ifb-content\"><div class=\"uagb-ifb-title-wrap\"><span class=\"uagb-ifb-title-prefix\">Avoka pledwari ki pwofesyon\u00e8l epi chaje ak eksperyans<\/span><h2 class=\"uagb-ifb-title\">Kiy\u00e8s nou ye<\/h2><\/div><p class=\"uagb-ifb-desc\">Si l\u00f2t moun te f\u00e8 w yon bagay ki pa sa, oswa si yo te akize w pou yon krim oswa ba w yon tik\u00e8 pou yon vyolasyon pandan w ap kondi, ou bezwen yon avoka konpetan ki pral defann dwa w ak tout f\u00f2s li epi goumen pou lib\u00e8te ou. Sist\u00e8m legal la konplike anpil, epi li ka yon t\u00e8t chaje pou yon moun nan sitiyasyon ou an konprann. Se pout\u00e8t sa, ou ta dwe pran yon avoka pou pwoteje dwa legal ou yo, epi asire li yo bay dosye w la atansyon li merite a. Lakay nou nan Saint\u2019s Law Firm, nou pral ede w konprann sist\u00e8m legal konplike sa a depi nan k\u00f2mansman jouk nan fen li. Nou konprann dosye w la afekte w yon fason ki san par\u00e8y. Se pout\u00e8t sa nan Saint's Law Firm, l\u00e8 nou reprezante yon kliyan, se li ki priyorite nou. Nou f\u00e8 tout sa nou kapab pou regle dosye w la yon fason ki konsidere tout pwobl\u00e8m dosye a ka pote nan lavi w.<\/p><\/div><\/div>\n\n\n\n<div class=\"wp-block-uagb-info-box uagb-block-261e13f7 uagb-infobox__content-wrap  uagb-infobox-icon-above-title uagb-infobox-image-valign-top\"><div class=\"uagb-ifb-content\"><div class=\"uagb-ifb-title-wrap\"><h4 class=\"uagb-ifb-title-prefix\">Lang nou pale<\/h4><\/div><\/div><\/div>\n\n\n\n<div class=\"wp-block-uagb-icon-list uagb-block-d334bd7e\"><div class=\"uagb-icon-list__wrap\">\n<div class=\"wp-block-uagb-icon-list-child uagb-block-d79a6029\"><span class=\"uagb-icon-list__source-wrap\"><svg xmlns=\"https:\/\/www.w3.org\/2000\/svg\" viewbox=\"0 0 512 512\"><path d=\"M256 0C114.6 0 0 114.6 0 256c0 141.4 114.6 256 256 256s256-114.6 256-256C512 114.6 397.4 0 256 0zM406.6 278.6l-103.1 103.1c-12.5 12.5-32.75 12.5-45.25 0s-12.5-32.75 0-45.25L306.8 288H128C110.3 288 96 273.7 96 256s14.31-32 32-32h178.8l-49.38-49.38c-12.5-12.5-12.5-32.75 0-45.25s32.75-12.5 45.25 0l103.1 103.1C414.6 241.3 416 251.1 416 256C416 260.9 414.6 270.7 406.6 278.6z\"><\/path><\/svg><\/span><span class=\"uagb-icon-list__label\">On parle Fran\u00e7ais<\/span><\/div>\n\n\n\n<div class=\"wp-block-uagb-icon-list-child uagb-block-0ee3310d\"><span class=\"uagb-icon-list__source-wrap\"><svg xmlns=\"https:\/\/www.w3.org\/2000\/svg\" viewbox=\"0 0 512 512\"><path d=\"M256 0C114.6 0 0 114.6 0 256c0 141.4 114.6 256 256 256s256-114.6 256-256C512 114.6 397.4 0 256 0zM406.6 278.6l-103.1 103.1c-12.5 12.5-32.75 12.5-45.25 0s-12.5-32.75 0-45.25L306.8 288H128C110.3 288 96 273.7 96 256s14.31-32 32-32h178.8l-49.38-49.38c-12.5-12.5-12.5-32.75 0-45.25s32.75-12.5 45.25 0l103.1 103.1C414.6 241.3 416 251.1 416 256C416 260.9 414.6 270.7 406.6 278.6z\"><\/path><\/svg><\/span><span class=\"uagb-icon-list__label\">Nou pale Krey\u00f2l<\/span><\/div>\n<\/div><\/div>\n<\/div>\n\n\n\n<div class=\"wp-block-uagb-container uag-hide-tab uagb-block-319c0f1c\">\n<div class=\"wp-block-uagb-image uagb-block-e3f84b86 wp-block-uagb-image--layout-default wp-block-uagb-image--effect-static wp-block-uagb-image--align-none\"><figure class=\"wp-block-uagb-image__figure\"><img decoding=\"async\" srcset=\"https:\/\/saintslawfirm.com\/wp-content\/uploads\/2024\/06\/img-682x1024.jpg ,https:\/\/saintslawfirm.com\/wp-content\/uploads\/2024\/06\/img.jpg 780w, https:\/\/saintslawfirm.com\/wp-content\/uploads\/2024\/06\/img.jpg 360w\" sizes=\"auto, (max-width: 480px) 150px\" src=\"https:\/\/saintslawfirm.com\/wp-content\/uploads\/2024\/06\/img-682x1024.jpg\" alt=\"\" class=\"uag-image-532\" width=\"474\" height=\"650\" title=\"img\" loading=\"lazy\" role=\"img\"\/><\/figure><\/div>\n<\/div>\n<\/div><\/div>\n\n\n\n<div class=\"wp-block-uagb-container uagb-block-b9c90816 alignfull uagb-is-root-container\"><div class=\"uagb-container-inner-blocks-wrap\">\n<div class=\"wp-block-uagb-container uagb-block-0aece5e8\">\n<div class=\"wp-block-uagb-info-box uagb-block-79d5f441 uagb-infobox__content-wrap  uagb-infobox-icon-above-title uagb-infobox-image-valign-top\"><div class=\"uagb-ifb-content\"><div class=\"uagb-ifb-title-wrap\"><h2 class=\"uagb-ifb-title\">L\u00e8 yo akize w pou yon zak krimin\u00e8l oswa ba w yon tik\u00e8 pandan w ap kondi<\/h2><\/div><\/div><\/div>\n\n\n\n<div class=\"wp-block-uagb-container uagb-block-0c4e3a83\">\n<div class=\"wp-block-uagb-container uagb-block-3c745e7a\">\n<div class=\"wp-block-uagb-info-box uagb-block-a23f63aa uagb-infobox__content-wrap  uagb-infobox-icon-above-title uagb-infobox-image-valign-top\"><div class=\"uagb-ifb-content\"><div class=\"uagb-ifb-title-wrap\"><h5 class=\"uagb-ifb-title\">DUI<\/h5><\/div><p class=\"uagb-ifb-desc\">\u00c8ske yo akize w pou Kondi sou Enfliyans Dw\u00f2g oswa Alk\u00f2l (Driving Under the Influence, DUI nan lang angle a)? Ekip defans legal pou DUI nou an ap travay di pou pwoteje dwa ou yo epi redui konsekans akizasyon pou moun k ap kondi pandan yo sou.<\/p><\/div><\/div>\n<\/div>\n\n\n\n<div class=\"wp-block-uagb-container uagb-block-000af8ae\">\n<div class=\"wp-block-uagb-info-box uagb-block-cfcc3455 uagb-infobox__content-wrap  uagb-infobox-icon-above-title uagb-infobox-image-valign-top\"><div class=\"uagb-ifb-content\"><div class=\"uagb-ifb-title-wrap\"><h5 class=\"uagb-ifb-title\">Vyolasyon kondisyon liberasyon<\/h5><\/div><p class=\"uagb-ifb-desc\">\u00c8ske w ap f\u00e8 fas ak yon akizasyon ki di ou te vyole kondisyon liberasyon ou? Sa ki rele \"probation\" nan lang angle a. Ekip legal nou an ap pwopoze estrateji defans ki djanm pou pwoteje dwa w ak lib\u00e8te w.<\/p><\/div><\/div>\n<\/div>\n\n\n\n<div class=\"wp-block-uagb-container uagb-block-1802aa8c\">\n<div class=\"wp-block-uagb-info-box uagb-block-e800f2a3 uagb-infobox__content-wrap  uagb-infobox-icon-above-title uagb-infobox-image-valign-top\"><div class=\"uagb-ifb-content\"><div class=\"uagb-ifb-title-wrap\"><h5 class=\"uagb-ifb-title\">Ofans ki gen rap\u00f2 ak dw\u00f2g<\/h5><\/div><p class=\"uagb-ifb-desc\">\u00c8ske yo akize w pou yon ofans ki gen rap\u00f2 ak dw\u00f2g? Avoka nou yo gen anpil eksperyans. Y ap travay pou defann dwa ou epi jwenn pi bon rezilta posib pou dosye w la.<\/p><\/div><\/div>\n<\/div>\n\n\n\n<div class=\"wp-block-uagb-container uagb-block-e56a91bc\">\n<div class=\"wp-block-uagb-info-box uagb-block-9f552b7e uagb-infobox__content-wrap  uagb-infobox-icon-above-title uagb-infobox-image-valign-top\"><div class=\"uagb-ifb-content\"><div class=\"uagb-ifb-title-wrap\"><h5 class=\"uagb-ifb-title\">Ofans ki gen rap\u00f2 ak zam<\/h5><\/div><p class=\"uagb-ifb-desc\">\u00c8ske w ap f\u00e8 fas ak yon akizasyon pou yon ofans ki gen rap\u00f2 ak zam? Mete konfyans ou nan ekip legal nou an pou reprezante ou ak tout f\u00f2s ak kouray yo pou pwoteje dwa ou.<\/p><\/div><\/div>\n<\/div>\n<\/div>\n\n\n\n<div class=\"wp-block-uagb-container uagb-block-943b9199\">\n<div class=\"wp-block-uagb-container uagb-block-081a2167\">\n<div class=\"wp-block-uagb-info-box uagb-block-960b4b00 uagb-infobox__content-wrap  uagb-infobox-icon-above-title uagb-infobox-image-valign-top\"><div class=\"uagb-ifb-content\"><div class=\"uagb-ifb-title-wrap\"><h5 class=\"uagb-ifb-title\">Ofans ki gen rap\u00f2 ak v\u00f2l ak fwod<\/h5><\/div><p class=\"uagb-ifb-desc\">\u00c8ske yo akize w pou v\u00f2l oswa fwod? Avoka nou yo konpetan. Y ap travay pou defann dwa ou yo epi redui konsekans akizasyon sa yo.<\/p><\/div><\/div>\n<\/div>\n\n\n\n<div class=\"wp-block-uagb-container uagb-block-0db54f87\">\n<div class=\"wp-block-uagb-info-box uagb-block-f6316542 uagb-infobox__content-wrap  uagb-infobox-icon-above-title uagb-infobox-image-valign-top\"><div class=\"uagb-ifb-content\"><div class=\"uagb-ifb-title-wrap\"><h5 class=\"uagb-ifb-title\">Kanbriyolaj<\/h5><\/div><p class=\"uagb-ifb-desc\">\u00c8ske yo te mete akizasyon kanbriyolaj sou do w? Ki vle di kase kay yon moun. Eksp\u00e8 legal nou yo pran angajman pou bati yon defans ki solid epi pwoteje dwa w nan tribinal.<\/p><\/div><\/div>\n<\/div>\n\n\n\n<div class=\"wp-block-uagb-container uagb-block-24ae8e79\">\n<div class=\"wp-block-uagb-info-box uagb-block-91b96a49 uagb-infobox__content-wrap  uagb-infobox-icon-above-title uagb-infobox-image-valign-top\"><div class=\"uagb-ifb-content\"><div class=\"uagb-ifb-title-wrap\"><h5 class=\"uagb-ifb-title\">V\u00f2l<\/h5><\/div><p class=\"uagb-ifb-desc\">\u00c8ske yo akize w pou v\u00f2l? Ekip legal nou an gen eksperyans nan pwopoze estrateji defans ki djanm pou pwoteje dwa ou epi goumen pou lib\u00e8te w.<\/p><\/div><\/div>\n<\/div>\n\n\n\n<div class=\"wp-block-uagb-container uagb-block-6b3afd5b\">\n<div class=\"wp-block-uagb-info-box uagb-block-5862fdfb uagb-infobox__content-wrap  uagb-infobox-icon-below-title uagb-infobox-image-valign-top\"><div class=\"uagb-ifb-content\"><div class=\"uagb-ifb-title-wrap\"><h4 class=\"uagb-ifb-title-prefix\">Z\u00f2n pratik<\/h4><\/div><div class=\"uagb-ifb-button-wrapper wp-block-button\"><a href=\"https:\/\/saintslawfirm.com\/haitian-creole\/practice-area\/\" class=\"uagb-infobox-cta-link wp-block-button__link\" target=\"_self\" rel=\"noopener noreferrer\" onclick=\"return true;\"><span class=\"uagb-inline-editing\">Li plis<\/span><svg xmlns=\"https:\/\/www.w3.org\/2000\/svg\" viewbox=\"0 0 512 512\"><path d=\"M504.3 273.6l-112.1 104c-6.992 6.484-17.18 8.218-25.94 4.406c-8.758-3.812-14.42-12.45-14.42-21.1L351.9 288H32C14.33 288 .0002 273.7 .0002 255.1S14.33 224 32 224h319.9l0-72c0-9.547 5.66-18.19 14.42-22c8.754-3.809 18.95-2.075 25.94 4.41l112.1 104C514.6 247.9 514.6 264.1 504.3 273.6z\"><\/path><\/svg><\/a><\/div><\/div><\/div>\n<\/div>\n<\/div>\n<\/div>\n<\/div><\/div>\n\n\n\n<div class=\"wp-block-uagb-container uagb-block-fd3d7b78 alignfull uagb-is-root-container\"><div class=\"uagb-container-inner-blocks-wrap\">\n<div class=\"wp-block-uagb-container uagb-block-3d68c5c7\">\n<div class=\"wp-block-uagb-info-box uagb-block-7b9a212d uagb-infobox__content-wrap  uagb-infobox-icon-above-title uagb-infobox-image-valign-top\"><div class=\"uagb-ifb-content\"><div class=\"uagb-ifb-title-wrap\"><span class=\"uagb-ifb-title-prefix\">Avoka pledwari ki pwofesyon\u00e8l epi chaje ak eksperyans<\/span><h2 class=\"uagb-ifb-title\">Poukisa pou w ta chwazi kabin\u00e8 nou an<\/h2><\/div><\/div><\/div>\n\n\n\n<div class=\"wp-block-uagb-container uagb-block-030df0dc\">\n<div class=\"wp-block-uagb-container uagb-block-9c564fff\">\n<div class=\"wp-block-uagb-info-box uagb-block-bb02d243 uagb-infobox__content-wrap  uagb-infobox-icon-left uagb-infobox-left uagb-infobox-image-valign-top\"><div class=\"uagb-ifb-image-content\"><img decoding=\"async\" src=\"https:\/\/saintslawfirm.com\/wp-content\/uploads\/2021\/07\/law-icon06-1-free-img.png\" alt=\"\" width=\"30\" height=\"30\" loading=\"lazy\"\/><\/div><div class=\"uagb-ifb-content\"><div class=\"uagb-ifb-title-wrap\"><h4 class=\"uagb-ifb-title\">Nou toujou bay bon rezilta<\/h4><\/div><p class=\"uagb-ifb-desc\">Depi nou egziste, Saint's Law te ranp\u00f2te pif\u00f2 ka li pledwaye sou yo, pou asire kliyan nou yo jwenn pi bon rezilta.<\/p><\/div><\/div>\n\n\n\n<div class=\"wp-block-uagb-info-box uagb-block-4167c752 uagb-infobox__content-wrap  uagb-infobox-icon-left uagb-infobox-left uagb-infobox-image-valign-top\"><div class=\"uagb-ifb-image-content\"><img decoding=\"async\" src=\"https:\/\/saintslawfirm.com\/wp-content\/uploads\/2021\/07\/law-icon07-1-free-img.png\" alt=\"\" width=\"30\" height=\"30\" loading=\"lazy\"\/><\/div><div class=\"uagb-ifb-content\"><div class=\"uagb-ifb-title-wrap\"><h4 class=\"uagb-ifb-title\">Nou gen fr\u00e8 nan bon ti mamit<\/h4><\/div><p class=\"uagb-ifb-desc\">Lakay nou nan Saint's Law Firm nou bay on\u00e8tete priyorite. Pri yo kl\u00e8 tankou dlo kokoye epi nou di w konbyen w ap peye davans. Pa gen ni kout fo mamit ni move sipriz.<\/p><\/div><\/div>\n\n\n\n<div class=\"wp-block-uagb-info-box uagb-block-11a32090 uagb-infobox__content-wrap  uagb-infobox-icon-left uagb-infobox-left uagb-infobox-image-valign-top\"><div class=\"uagb-ifb-image-content\"><img decoding=\"async\" src=\"https:\/\/saintslawfirm.com\/wp-content\/uploads\/2021\/07\/law-icon08-1-free-img.png\" alt=\"\" width=\"30\" height=\"30\" loading=\"lazy\"\/><\/div><div class=\"uagb-ifb-content\"><div class=\"uagb-ifb-title-wrap\"><h4 class=\"uagb-ifb-title\">S\u00e8vis kliyant\u00e8l nou san par\u00e8y<\/h4><\/div><p class=\"uagb-ifb-desc\">Saint's Law Firm dedye li pou bay kliyan li yo bonjan sip\u00f2, ki garanti y ap jwenn atansyon p\u00e8sonalize lapoula pou chak grenn bezwen yo genyen.<\/p><\/div><\/div>\n<\/div>\n<\/div>\n<\/div>\n<\/div><\/div>\n\n\n\n<div class=\"wp-block-uagb-container uagb-block-82e626d7 alignfull uagb-is-root-container\"><div class=\"uagb-container-inner-blocks-wrap\">\n<div class=\"wp-block-uagb-advanced-heading uagb-block-0d237bfc\"><h3 class=\"uagb-heading-text\">Adr\u00e8s mwen<\/h3><\/div>\n\n\n\t\t\t<div \n\t\t\tclass=\"wp-block-uagb-google-map uagb-google-map__wrap uagb-block-1aa4bcbf\"\n\t\t\tstyle=\"\" >\n\t\t\t\t<embed\n\t\t\t\t\tclass=\"uagb-google-map__iframe\"\n\t\t\t\t\ttitle=\"Google Map for \"\n\t\t\t\t\tsrc=\"https:\/\/maps.google.com\/maps?q=Orland%20%26%20Central%C2%A0Florida.&#038;z=12&#038;hl=en&#038;t=m&#038;output=embed&#038;iwloc=near\"\n\t\t\t\t\twidth=\"640\"\n\t\t\t\t\theight=\"300\"\n\t\t\t\t\tloading=\"lazy\"\n\t\t\t\t><\/embed>\n\t\t\t<\/div>\n\t\t\t<\/div><\/div>\n\n\n\n<div class=\"wp-block-uagb-container uagb-block-3e398f4b alignfull uagb-is-root-container\"><div class=\"uagb-container-inner-blocks-wrap\">\n<div class=\"wp-block-uagb-advanced-heading uagb-block-9584e807\"><h5 class=\"uagb-heading-text\">Rele nou 24 sou 24, 7 jou sou 7<\/h5><\/div>\n\n\n\n<div class=\"wp-block-uagb-advanced-heading uagb-block-200654c3\"><h2 class=\"uagb-heading-text\">(240) 487-8358<\/h2><p class=\"uagb-desc-text\">OSWA<\/p><\/div>\n\n\n\n<div class=\"wp-block-uagb-advanced-heading uagb-block-06379297\"><h3 class=\"uagb-heading-text\">Resevwa premye konsiltasyon ou GRATIS!<\/h3><\/div>\n\n\n\n<div class=\"wp-block-uagb-buttons uagb-buttons__outer-wrap uagb-btn__default-btn uagb-btn-tablet__default-btn uagb-btn-mobile__default-btn uagb-block-be320bf9\"><div class=\"uagb-buttons__wrap uagb-buttons-layout-wrap\">\n<div class=\"wp-block-uagb-buttons-child uagb-buttons__outer-wrap uagb-block-b9e8d6b5 wp-block-button is-style-outline\"><div class=\"uagb-button__wrapper\"><a class=\"uagb-buttons-repeater wp-block-button__link\" aria-label=\"\" href=\"https:\/\/saintslawfirm.com\/haitian-creole\/contact\/\" rel=\"follow noopener\" target=\"_self\" role=\"button\"><div class=\"uagb-button__link\">Mande yon Randevou<\/div><\/a><\/div><\/div>\n<\/div><\/div>\n<\/div><\/div>\n\n\n\n<div class=\"wp-block-uagb-container uagb-block-02c967c6 alignfull uagb-is-root-container\"><div class=\"uagb-container-inner-blocks-wrap\">\n<div class=\"wp-block-uagb-container uagb-block-567da41c\">\n<div class=\"wp-block-uagb-image uagb-block-ae49518d wp-block-uagb-image--layout-default wp-block-uagb-image--effect-static wp-block-uagb-image--align-none\"><figure class=\"wp-block-uagb-image__figure\"><img decoding=\"async\" srcset=\"https:\/\/saintslawfirm.com\/wp-content\/uploads\/2024\/06\/img-2-683x1024.jpg ,https:\/\/saintslawfirm.com\/wp-content\/uploads\/2024\/06\/img-2-scaled.jpg 780w, https:\/\/saintslawfirm.com\/wp-content\/uploads\/2024\/06\/img-2-scaled.jpg 360w\" sizes=\"auto, (max-width: 480px) 150px\" src=\"https:\/\/saintslawfirm.com\/wp-content\/uploads\/2024\/06\/img-2-683x1024.jpg\" alt=\"\" class=\"uag-image-538\" width=\"683\" height=\"1024\" title=\"img\" loading=\"lazy\" role=\"img\"\/><\/figure><\/div>\n<\/div>\n\n\n\n<div class=\"wp-block-uagb-container uagb-block-fe6aca03 alignfull uagb-is-root-container\"><div class=\"uagb-container-inner-blocks-wrap\">\n<div class=\"wp-block-uagb-info-box uagb-block-1b04bcb2 uagb-infobox__content-wrap  uagb-infobox-icon-above-title uagb-infobox-image-valign-top\"><div class=\"uagb-ifb-content\"><div class=\"uagb-ifb-title-wrap\"><span class=\"uagb-ifb-title-prefix\">Avoka pledwari ki pwofesyon\u00e8l epi chaje ak eksperyans<\/span><h2 class=\"uagb-ifb-title\">Poukisa pou w ta chwazi kabin\u00e8 nou an<\/h2><\/div><p class=\"uagb-ifb-desc\">Temwayaj kliyan nou yo<\/p><\/div><\/div>\n\n\n\n<div class=\"wp-block-uagb-testimonial uagb-slick-carousel uagb-tm__arrow-outside uagb-block-50e25709\"><div class=\"is-carousel uagb-tm__columns-1 uagb-tm__items\"><div class=\"uagb-testimonial__wrap  uagb-tm__imgicon-style-circle uagb-tm__image-position-bottom uagb-tm__bg-type-color\"><div class=\"uagb-tm__content\"><div class=\"uagb-tm__overlay\"><\/div><div class=\"uagb-tm__text-wrap\"><div class=\"uagb-tm__desc\">M\u00e8si Saint\u2019s Law Firm pou s\u00e8vis eksepsyon\u00e8l ou ak angajman w pou satisfaksyon kliyan yo. Mwen vr\u00e8man apresye fidbak ki gen anpil val\u00e8 ou ak pasyans ou nan revize kontra a pou GCHS. Mwen te konpl\u00e8tman enpresyone ak pwofesyonalis ou ak s\u00e8vis kliyan.<\/div><div class=\"uagb-tm__meta-inner\"><div class=\"uagb-testimonial-details\"><span class=\"uagb-tm__author-name\">A Aleandre<\/span><span class=\"uagb-tm__company\"><\/span><\/div><\/div><\/div><\/div><\/div><div class=\"uagb-testimonial__wrap  uagb-tm__imgicon-style-circle uagb-tm__image-position-bottom uagb-tm__bg-type-color\"><div class=\"uagb-tm__content\"><div class=\"uagb-tm__overlay\"><\/div><div class=\"uagb-tm__text-wrap\"><div class=\"uagb-tm__desc\">Avoka Saint te tr\u00e8 reponn ak p\u00e8sonalite. Li te ban m kons\u00e8y legal a yon pri ab\u00f2dab e li te f\u00e8 m santi m al\u00e8z pandan epr\u00e8v mwen an. Mwen pral definitivman rek\u00f2mande s\u00e8vis li yo.<\/div><div class=\"uagb-tm__meta-inner\"><div class=\"uagb-testimonial-details\"><span class=\"uagb-tm__author-name\">Tamara Henderson<\/span><span class=\"uagb-tm__company\"><\/span><\/div><\/div><\/div><\/div><\/div><div class=\"uagb-testimonial__wrap  uagb-tm__imgicon-style-circle uagb-tm__image-position-bottom uagb-tm__bg-type-color\"><div class=\"uagb-tm__content\"><div class=\"uagb-tm__overlay\"><\/div><div class=\"uagb-tm__text-wrap\"><div class=\"uagb-tm__desc\">Mwen te gen plezi pou m te kapab pale ak Mesye Saint. Li te gen anpil pasyans e li te ban m k\u00e8k enf\u00f2masyon kons\u00e8nan ka yon moun renmen, sou sa pou m f\u00e8 pou jwenn enf\u00f2masyon ki k\u00f2r\u00e8k la dey\u00f2. Mwen tr\u00e8 kontan menm si se te yon konsiltasyon men mwen te jwenn bagay sou ka a ki pa te divilge mwen tou. Ka a pa fini men li pral anboche l l\u00e8 l\u00e8 a rive.<\/div><div class=\"uagb-tm__meta-inner\"><div class=\"uagb-testimonial-details\"><span class=\"uagb-tm__author-name\">Adriana Jerome<\/span><span class=\"uagb-tm__company\"><\/span><\/div><\/div><\/div><\/div><\/div><div class=\"uagb-testimonial__wrap  uagb-tm__imgicon-style-circle uagb-tm__image-position-bottom uagb-tm__bg-type-color\"><div class=\"uagb-tm__content\"><div class=\"uagb-tm__overlay\"><\/div><div class=\"uagb-tm__text-wrap\"><div class=\"uagb-tm__desc\">Avoka ki pi bon an, te reponn chak fwa mwen te rele reponn nenp\u00f2t kesyon mwen te bezwen epi apre mwen te fin pase 3 ane ak lisans mwen an sispann, mwen te jwenn li pou ede jwenn lisans difikilte mwen an men li te kapab ede m 'reprann lisans chof\u00e8 ofisy\u00e8l mwen an !!!! Rekonesans<\/div><div class=\"uagb-tm__meta-inner\"><div class=\"uagb-testimonial-details\"><span class=\"uagb-tm__author-name\">C J<\/span><span class=\"uagb-tm__company\"><\/span><\/div><\/div><\/div><\/div><\/div><div class=\"uagb-testimonial__wrap  uagb-tm__imgicon-style-circle uagb-tm__image-position-bottom uagb-tm__bg-type-color\"><div class=\"uagb-tm__content\"><div class=\"uagb-tm__overlay\"><\/div><div class=\"uagb-tm__text-wrap\"><div class=\"uagb-tm__desc\">Gwo sa a se sou tout sa mwen te kapab di s\u00e8vis la te eksepsyon\u00e8l pri a te dwat ak avoka te gwo konnen ak nan fav\u00e8 mwen tout tan an te kenbe m 'enf\u00f2me e li te tr\u00e8 konesans sou lwa a ak kouman sist\u00e8m nan fonksyone M\u00c8SI SAINT !!!<\/div><div class=\"uagb-tm__meta-inner\"><div class=\"uagb-testimonial-details\"><span class=\"uagb-tm__author-name\">Andrew Petrillo<\/span><span class=\"uagb-tm__company\"><\/span><\/div><\/div><\/div><\/div><\/div><\/div><\/div>\n<\/div><\/div>\n<\/div><\/div>","protected":false},"excerpt":{"rendered":"<p>924 N Magnolia Ave Suite 202Orlando, FL 32803 My Location Call Us 24\/7\u200b (240) 487-8358 OR Get Your First Consultation FREE!\u200b<\/p>","protected":false},"author":1,"featured_media":0,"parent":0,"menu_order":0,"comment_status":"closed","ping_status":"closed","template":"","meta":{"_uag_custom_page_level_css":"","footnotes":""},"class_list":["post-65","page","type-page","status-publish","hentry"],"blocksy_meta":{"has_hero_section":"default","styles_descriptor":{"styles":{"desktop":"","tablet":"","mobile":""},"google_fonts":[],"version":6}},"uagb_featured_image_src":{"full":false,"thumbnail":false,"medium":false,"medium_large":false,"large":false,"1536x1536":false,"2048x2048":false,"trp-custom-language-flag":false},"uagb_author_info":{"display_name":"Admin","author_link":"https:\/\/saintslawfirm.com\/haitian-creole\/author\/admin\/"},"uagb_comment_info":0,"uagb_excerpt":"924 N Magnolia Ave Suite 202Orlando, FL 32803 My Location Call Us 24\/7\u200b (240) 487-8358 OR Get Your First Consultation FREE!\u200b","_links":{"self":[{"href":"https:\/\/saintslawfirm.com\/haitian-creole\/wp-json\/wp\/v2\/pages\/65","targetHints":{"allow":["GET"]}}],"collection":[{"href":"https:\/\/saintslawfirm.com\/haitian-creole\/wp-json\/wp\/v2\/pages"}],"about":[{"href":"https:\/\/saintslawfirm.com\/haitian-creole\/wp-json\/wp\/v2\/types\/page"}],"author":[{"embeddable":true,"href":"https:\/\/saintslawfirm.com\/haitian-creole\/wp-json\/wp\/v2\/users\/1"}],"replies":[{"embeddable":true,"href":"https:\/\/saintslawfirm.com\/haitian-creole\/wp-json\/wp\/v2\/comments?post=65"}],"version-history":[{"count":93,"href":"https:\/\/saintslawfirm.com\/haitian-creole\/wp-json\/wp\/v2\/pages\/65\/revisions"}],"predecessor-version":[{"id":940,"href":"https:\/\/saintslawfirm.com\/haitian-creole\/wp-json\/wp\/v2\/pages\/65\/revisions\/940"}],"wp:attachment":[{"href":"https:\/\/saintslawfirm.com\/haitian-creole\/wp-json\/wp\/v2\/media?parent=65"}],"curies":[{"name":"wp","href":"https:\/\/api.w.org\/{rel}","templated":true}]}}