{"id":11,"date":"2024-06-10T21:36:40","date_gmt":"2024-06-10T21:36:40","guid":{"rendered":"https:\/\/saintslawfirm.com\/contact\/"},"modified":"2025-02-21T16:18:06","modified_gmt":"2025-02-21T16:18:06","slug":"contact","status":"publish","type":"page","link":"https:\/\/saintslawfirm.com\/haitian-creole\/contact\/","title":{"rendered":"kontakte"},"content":{"rendered":"<div class=\"wp-block-uagb-container uagb-block-ea0b1b0a alignfull uagb-is-root-container\"><div class=\"uagb-container-inner-blocks-wrap\">\n<div class=\"wp-block-uagb-advanced-heading uagb-block-0766ba63\"><h1 class=\"uagb-heading-text\">Kontakte Nou<\/h1><\/div>\n<\/div><\/div>\n\n\n\n<div class=\"wp-block-uagb-container uagb-block-b904a49d alignfull uagb-is-root-container\"><div class=\"uagb-container-inner-blocks-wrap\">\n<div class=\"wp-block-uagb-container uagb-block-e0a940a4\">\n<div class=\"wp-block-uagb-info-box uagb-block-734f26cd uagb-infobox__content-wrap  uagb-infobox-icon-left uagb-infobox-left uagb-infobox-image-valign-top\"><div class=\"uagb-ifb-icon-wrap\"><svg xmlns=\"https:\/\/www.w3.org\/2000\/svg\" viewbox=\"0 0 512 512\"><path d=\"M384 0H96C60.65 0 32 28.65 32 64v384c0 35.35 28.65 64 64 64h288c35.35 0 64-28.65 64-64V64C448 28.65 419.3 0 384 0zM240 128c35.35 0 64 28.65 64 64s-28.65 64-64 64c-35.34 0-64-28.65-64-64S204.7 128 240 128zM336 384h-192C135.2 384 128 376.8 128 368C128 323.8 163.8 288 208 288h64c44.18 0 80 35.82 80 80C352 376.8 344.8 384 336 384zM496 64H480v96h16C504.8 160 512 152.8 512 144v-64C512 71.16 504.8 64 496 64zM496 192H480v96h16C504.8 288 512 280.8 512 272v-64C512 199.2 504.8 192 496 192zM496 320H480v96h16c8.836 0 16-7.164 16-16v-64C512 327.2 504.8 320 496 320z\"><\/path><\/svg><\/div><div class=\"uagb-ifb-content\"><div class=\"uagb-ifb-title-wrap\"><h4 class=\"uagb-ifb-title\">Detay Kontakte<\/h4><\/div><p class=\"uagb-ifb-desc\">Adr\u00e8s: 924 N Magnolia Ave Suite 202<br>Orlando, FL 32803<br>Telef\u00f2n: (240) 487-8358<br>Im\u00e8l: Info@saintslawfirm.com<\/p><\/div><\/div>\n\n\n\n<div class=\"wp-block-uagb-info-box uagb-block-89b1f3f1 uagb-infobox__content-wrap  uagb-infobox-icon-left uagb-infobox-left uagb-infobox-image-valign-top\"><div class=\"uagb-ifb-icon-wrap\"><svg xmlns=\"https:\/\/www.w3.org\/2000\/svg\" viewbox=\"0 0 640 512\"><path d=\"M334.6 217.4l-30 27.49C264 282.1 217.8 256.8 202.9 240.6C176 211.2 178.1 165.7 207.3 138.9L289.1 64H282.5C224.7 64 169.1 86.95 128.2 127.8L32 128.1c-17.6 0-32 14.39-32 31.98v159.8c0 17.59 14.4 32.04 31.1 32.04l114.3-.0604l90.5 81.82c27.5 22.37 67.75 18.11 90-9.255l18.12 15.25c15.88 12.1 39.38 10.5 52.38-5.369l31.38-38.6l5.374 4.498c13.75 11 33.88 9.002 45-4.748l9.576-11.83c11.08-13.7 8.979-33.75-4.701-44.86L334.6 217.4zM608 128.1l-96-.1257c-40.98-40.96-96.56-63.88-154.5-63.88L348.9 64c-8 0-15.62 3.197-21.62 8.568L229 162.3C228.9 162.5 228.8 162.7 228.8 162.7C212 178.5 212.4 203.3 226.6 218.7c9.625 10.5 35 21.62 56.13 2.75c0-.125 .25-.125 .375-.25l80-73.1c6.5-5.871 16.62-5.496 22.62 1s5.5 16.62-1 22.62l-26.12 23.87l145.6 118.1c12.12 9.992 19.5 23.49 22.12 37.98L608 351.7c17.6 0 32-14.38 32-31.98V160.1C640 142.4 625.7 128.1 608 128.1z\"><\/path><\/svg><\/div><div class=\"uagb-ifb-content\"><div class=\"uagb-ifb-title-wrap\"><h4 class=\"uagb-ifb-title\">Swiv nou<\/h4><\/div><\/div><\/div>\n\n\n      \n\t\t\t<div class=\"uagb-icon-wrapper uagb-block-a2eed573\"\n\t\t\tstyle=\"\" >\n\t\t\t\t\t\t\t\t\t<span class=\"uagb-svg-wrapper\" \n\t\t\t\t\t aria-label=\"facebook-square\"\t\t\t\t\ttabindex=\"0\">\t\t\n\t\t\t\t\t\t\t\t\t\t<a rel=\"noopener noreferrer\" href=\"https:\/\/www.facebook.com\/profile.php?id=61560943040743&#038;mibextid=LQQJ4d\" target=\"_self\"><svg xmlns=\"https:\/\/www.w3.org\/2000\/svg\" viewbox= \"0 0 448 512\" role=\"graphics-symbol\" aria-hidden=\"false\" aria-label=\"\"><path d=\"M400 32H48A48 48 0 0 0 0 80v352a48 48 0 0 0 48 48h137.3V327.7h-63V256h63v-54.64c0-62.15 37-96.48 93.67-96.48 27.14 0 55.52 4.84 55.52 4.84v61h-31.27c-30.81 0-40.42 19.12-40.42 38.73V256h68.78l-11 71.69h-57.78V480H400a48 48 0 0 0 48-48V80a48 48 0 0 0 -48-48z\"><\/path><\/svg><\/a>\n\t\t\t\t\t\t\t\t\t<\/span>\n\t\t\t\t\t\t\t<\/div>\n\t\t\t<\/div>\n\n\n\n<div class=\"wp-block-uagb-container uagb-block-728908c5\">\n<div class=\"wp-block-uagb-advanced-heading uagb-block-79781852\"><h2 class=\"uagb-heading-text\">Voye yon mesaj pou nou<\/h2><\/div>\n\n\n<div class=\"forminator-ui forminator-custom-form forminator-custom-form-718 forminator-design--flat  forminator_ajax\" data-forminator-render=\"0\" data-form=\"forminator-module-718\" data-uid=\"69e1ac3bdd78a\"><br\/><\/div><form\n\t\t\t\tid=\"forminator-module-718\"\n\t\t\t\tclass=\"forminator-ui forminator-custom-form forminator-custom-form-718 forminator-design--flat  forminator_ajax\"\n\t\t\t\tmethod=\"post\"\n\t\t\t\tdata-forminator-render=\"0\"\n\t\t\t\tdata-form-id=\"718\"\n\t\t\t\t data-color-option=\"default\" data-design=\"flat\" data-grid=\"open\" style=\"display: none;\"\n\t\t\t\tdata-uid=\"69e1ac3bdd78a\" action=\"\"\n\t\t\t><div role=\"alert\" aria-live=\"polite\" class=\"forminator-response-message forminator-error\" aria-hidden=\"true\"><\/div><div class=\"forminator-row\"><div id=\"name-1\" class=\"forminator-field-name forminator-col forminator-col-12\"><div class=\"forminator-field\"><input type=\"text\" name=\"name-1\" value=\"\" placeholder=\"Non ou\" id=\"forminator-field-name-1_69e1ac3bdd78a\" class=\"forminator-input forminator-name--field\" aria-required=\"true\" autocomplete=\"name\" \/><\/div><\/div><\/div><div class=\"forminator-row\"><div id=\"phone-1\" class=\"forminator-field-phone forminator-col forminator-col-12\"><div class=\"forminator-field\"><input type=\"text\" name=\"phone-1\" value=\"\" placeholder=\"Nimewo Telef\u00f2n\" id=\"forminator-field-phone-1_69e1ac3bdd78a\" class=\"forminator-input forminator-field--phone\" data-required=\"1\" aria-required=\"true\" autocomplete=\"off\" \/><\/div><\/div><\/div><div class=\"forminator-row\"><div id=\"email-1\" class=\"forminator-field-email forminator-col forminator-col-12\"><div class=\"forminator-field\"><input type=\"email\" name=\"email-1\" value=\"\" placeholder=\"Adr\u00e8s Im\u00e8l\" id=\"forminator-field-email-1_69e1ac3bdd78a\" class=\"forminator-input forminator-email--field\" data-required=\"true\" aria-required=\"true\" autocomplete=\"email\" \/><\/div><\/div><\/div><div class=\"forminator-row\"><div id=\"name-2\" class=\"forminator-field-name forminator-col forminator-col-12\"><div class=\"forminator-field\"><input type=\"text\" name=\"name-2\" value=\"\" placeholder=\"Zo\u0300n kote ka a\u00a0ye\u00a0a\" id=\"forminator-field-name-2_69e1ac3bdd78a\" class=\"forminator-input forminator-name--field\" aria-required=\"false\" autocomplete=\"name\" \/><\/div><\/div><\/div><div class=\"forminator-row\"><div id=\"textarea-1\" class=\"forminator-field-textarea forminator-col forminator-col-12\"><div class=\"forminator-field\"><textarea name=\"textarea-1\" placeholder=\"Deskripsyon dosye a\" id=\"forminator-field-textarea-1_69e1ac3bdd78a\" class=\"forminator-textarea\" rows=\"6\" style=\"min-height:140px;\" maxlength=\"180\" ><\/textarea><span id=\"forminator-field-textarea-1_69e1ac3bdd78a-description\" class=\"forminator-description\"><span data-limit=\"180\" data-type=\"characters\" data-editor=\"\">0 \/ 180<\/span><\/span><\/div><\/div><\/div><input type=\"hidden\" name=\"referer_url\" value=\"\" \/><div class=\"forminator-row forminator-row-last\"><div class=\"forminator-col\"><div class=\"forminator-field\"><button class=\"forminator-button forminator-button-submit\">Soum\u00e8t<\/button><\/div><\/div><\/div><input type=\"hidden\" id=\"forminator_nonce\" name=\"forminator_nonce\" value=\"6322bc640f\" \/><input type=\"hidden\" name=\"_wp_http_referer\" value=\"\/haitian-creole\/wp-json\/wp\/v2\/pages\/11\" \/><input type=\"hidden\" name=\"form_id\" value=\"718\"><input type=\"hidden\" name=\"page_id\" value=\"11\"><input type=\"hidden\" name=\"form_type\" value=\"default\"><input type=\"hidden\" name=\"current_url\" value=\"https:\/\/saintslawfirm.com\/haitian-creole\/contact\/\"><input type=\"hidden\" name=\"render_id\" value=\"0\"><input type=\"hidden\" name=\"action\" value=\"forminator_submit_form_custom-forms\"><input type=\"hidden\" name=\"trp-form-language\" value=\"haitian-creole\"\/><\/form>\n<\/div>\n<\/div><\/div>","protected":false},"excerpt":{"rendered":"<p>Contact Us\u200b Send Us A Message \u200b<\/p>","protected":false},"author":1,"featured_media":0,"parent":0,"menu_order":0,"comment_status":"closed","ping_status":"closed","template":"","meta":{"_uag_custom_page_level_css":"","footnotes":""},"class_list":["post-11","page","type-page","status-publish","hentry"],"blocksy_meta":[],"uagb_featured_image_src":{"full":false,"thumbnail":false,"medium":false,"medium_large":false,"large":false,"1536x1536":false,"2048x2048":false,"trp-custom-language-flag":false},"uagb_author_info":{"display_name":"Admin","author_link":"https:\/\/saintslawfirm.com\/haitian-creole\/author\/admin\/"},"uagb_comment_info":0,"uagb_excerpt":"Contact Us\u200b Send Us A Message \u200b","_links":{"self":[{"href":"https:\/\/saintslawfirm.com\/haitian-creole\/wp-json\/wp\/v2\/pages\/11","targetHints":{"allow":["GET"]}}],"collection":[{"href":"https:\/\/saintslawfirm.com\/haitian-creole\/wp-json\/wp\/v2\/pages"}],"about":[{"href":"https:\/\/saintslawfirm.com\/haitian-creole\/wp-json\/wp\/v2\/types\/page"}],"author":[{"embeddable":true,"href":"https:\/\/saintslawfirm.com\/haitian-creole\/wp-json\/wp\/v2\/users\/1"}],"replies":[{"embeddable":true,"href":"https:\/\/saintslawfirm.com\/haitian-creole\/wp-json\/wp\/v2\/comments?post=11"}],"version-history":[{"count":34,"href":"https:\/\/saintslawfirm.com\/haitian-creole\/wp-json\/wp\/v2\/pages\/11\/revisions"}],"predecessor-version":[{"id":941,"href":"https:\/\/saintslawfirm.com\/haitian-creole\/wp-json\/wp\/v2\/pages\/11\/revisions\/941"}],"wp:attachment":[{"href":"https:\/\/saintslawfirm.com\/haitian-creole\/wp-json\/wp\/v2\/media?parent=11"}],"curies":[{"name":"wp","href":"https:\/\/api.w.org\/{rel}","templated":true}]}}