{"id":67,"date":"2024-06-10T21:36:40","date_gmt":"2024-06-10T21:36:40","guid":{"rendered":"https:\/\/saintslawfirm.com\/practice-area\/"},"modified":"2025-02-21T12:32:18","modified_gmt":"2025-02-21T12:32:18","slug":"practice-area","status":"publish","type":"page","link":"https:\/\/saintslawfirm.com\/french\/practice-area\/","title":{"rendered":"zone de pratique"},"content":{"rendered":"<div class=\"wp-block-uagb-container uagb-block-4458f786 alignfull uagb-is-root-container\"><div class=\"uagb-container-inner-blocks-wrap\">\n<div class=\"wp-block-uagb-advanced-heading uagb-block-5e509682\"><h1 class=\"uagb-heading-text\">Domaines de pratique<\/h1><\/div>\n<\/div><\/div>\n\n\n\n<div class=\"wp-block-uagb-container uagb-block-100c4293 alignfull uagb-is-root-container\"><div class=\"uagb-container-inner-blocks-wrap\">\n<div class=\"wp-block-uagb-container uagb-block-06eb00be\">\n<div class=\"wp-block-uagb-advanced-heading uagb-block-09b917d6\"><h3 class=\"uagb-heading-text\">Pourquoi vous avez besoin des meilleurs avocats<\/h3><\/div>\n<\/div>\n\n\n\n<div class=\"wp-block-uagb-container uagb-block-623eb929\">\n<div class=\"wp-block-uagb-advanced-heading uagb-block-5c36e592\"><p class=\"uagb-desc-text\">Avoir un avocat de haut niveau du cabinet Saint's Law Firm est essentiel pour aborder en toute confiance des questions juridiques complexes. Le cabinet Saint\u2019s Law Firm offre des conseils d'experts, une planification strat\u00e9gique et une repr\u00e9sentation agressive, garantissant que vos droits sont prot\u00e9g\u00e9s et que votre cas est pr\u00e9sent\u00e9 efficacement. Faites-nous confiance pour obtenir le meilleur r\u00e9sultat possible pour vous.<\/p><\/div>\n<\/div>\n<\/div><\/div>\n\n\n\n<div class=\"wp-block-uagb-container uagb-block-b9c90816 alignfull uagb-is-root-container\"><div class=\"uagb-container-inner-blocks-wrap\">\n<div class=\"wp-block-uagb-container uagb-block-0aece5e8\">\n<div class=\"wp-block-uagb-info-box uagb-block-79d5f441 uagb-infobox__content-wrap  uagb-infobox-icon-above-title uagb-infobox-image-valign-top\"><div class=\"uagb-ifb-content\"><div class=\"uagb-ifb-title-wrap\"><span class=\"uagb-ifb-title-prefix\">Nos domaines d'expertise<\/span><h2 class=\"uagb-ifb-title\">Domaines de pratique juridique<\/h2><\/div><p class=\"uagb-ifb-desc\">Infractions p\u00e9nales et infractions routi\u00e8res<\/p><\/div><\/div>\n\n\n\n<div class=\"wp-block-uagb-container uagb-block-0c4e3a83\">\n<div class=\"wp-block-uagb-container uagb-block-3c745e7a\">\n<div class=\"wp-block-uagb-info-box uagb-block-a23f63aa uagb-infobox__content-wrap  uagb-infobox-icon-above-title uagb-infobox-image-valign-top\"><div class=\"uagb-ifb-content\"><div class=\"uagb-ifb-title-wrap\"><h5 class=\"uagb-ifb-title\">Conduite sous l'influence de l'alcool<\/h5><\/div><p class=\"uagb-ifb-desc\">Accus\u00e9 de conduite en \u00e9tat d'ivresse ? Notre \u00e9quipe juridique sp\u00e9cialis\u00e9e s'efforce de prot\u00e9ger vos droits et de minimiser les cons\u00e9quences des accusations li\u00e9es \u00e0 l'alcool au volant.<\/p><\/div><\/div>\n<\/div>\n\n\n\n<div class=\"wp-block-uagb-container uagb-block-000af8ae\">\n<div class=\"wp-block-uagb-info-box uagb-block-cfcc3455 uagb-infobox__content-wrap  uagb-infobox-icon-above-title uagb-infobox-image-valign-top\"><div class=\"uagb-ifb-content\"><div class=\"uagb-ifb-title-wrap\"><h5 class=\"uagb-ifb-title\">Violation de probation<\/h5><\/div><p class=\"uagb-ifb-desc\">Accus\u00e9 de violation des conditions de probation ? Notre \u00e9quipe juridique propose des strat\u00e9gies de d\u00e9fense solides pour prot\u00e9ger vos droits et votre libert\u00e9.<\/p><\/div><\/div>\n<\/div>\n\n\n\n<div class=\"wp-block-uagb-container uagb-block-1802aa8c\">\n<div class=\"wp-block-uagb-info-box uagb-block-e800f2a3 uagb-infobox__content-wrap  uagb-infobox-icon-above-title uagb-infobox-image-valign-top\"><div class=\"uagb-ifb-content\"><div class=\"uagb-ifb-title-wrap\"><h5 class=\"uagb-ifb-title\">Infractions li\u00e9es aux stup\u00e9fiants<\/h5><\/div><p class=\"uagb-ifb-desc\">Accus\u00e9 d'infractions li\u00e9es aux stup\u00e9fiants ? Nos avocats exp\u00e9riment\u00e9s travaillent pour d\u00e9fendre vos droits et obtenir le meilleur r\u00e9sultat possible pour votre cas.<\/p><\/div><\/div>\n<\/div>\n\n\n\n<div class=\"wp-block-uagb-container uagb-block-e56a91bc\">\n<div class=\"wp-block-uagb-info-box uagb-block-9f552b7e uagb-infobox__content-wrap  uagb-infobox-icon-above-title uagb-infobox-image-valign-top\"><div class=\"uagb-ifb-content\"><div class=\"uagb-ifb-title-wrap\"><h5 class=\"uagb-ifb-title\">Infractions li\u00e9es aux armes<\/h5><\/div><p class=\"uagb-ifb-desc\">Vous faites face \u00e0 des accusations de d\u00e9lit li\u00e9 aux armes ? Faites confiance \u00e0 notre \u00e9quipe juridique pour vous fournir une repr\u00e9sentation agressive et prot\u00e9ger vos droits.<\/p><\/div><\/div>\n<\/div>\n<\/div>\n\n\n\n<div class=\"wp-block-uagb-container uagb-block-943b9199\">\n<div class=\"wp-block-uagb-container uagb-block-081a2167\">\n<div class=\"wp-block-uagb-info-box uagb-block-960b4b00 uagb-infobox__content-wrap  uagb-infobox-icon-above-title uagb-infobox-image-valign-top\"><div class=\"uagb-ifb-content\"><div class=\"uagb-ifb-title-wrap\"><h5 class=\"uagb-ifb-title\">Infractions de vol et de fraude<\/h5><\/div><p class=\"uagb-ifb-desc\">Accus\u00e9 de vol ou de fraude ? Nos avocats qualifi\u00e9s travaillent pour d\u00e9fendre vos droits et att\u00e9nuer les cons\u00e9quences de ces accusations.<\/p><\/div><\/div>\n<\/div>\n\n\n\n<div class=\"wp-block-uagb-container uagb-block-0db54f87\">\n<div class=\"wp-block-uagb-info-box uagb-block-f6316542 uagb-infobox__content-wrap  uagb-infobox-icon-above-title uagb-infobox-image-valign-top\"><div class=\"uagb-ifb-content\"><div class=\"uagb-ifb-title-wrap\"><h5 class=\"uagb-ifb-title\">Cambriolage<\/h5><\/div><p class=\"uagb-ifb-desc\">Accus\u00e9 de cambriolage ? Nos experts juridiques s'engagent \u00e0 b\u00e2tir une d\u00e9fense solide et \u00e0 prot\u00e9ger vos droits devant les tribunaux.<\/p><\/div><\/div>\n<\/div>\n\n\n\n<div class=\"wp-block-uagb-container uagb-block-24ae8e79\">\n<div class=\"wp-block-uagb-info-box uagb-block-91b96a49 uagb-infobox__content-wrap  uagb-infobox-icon-above-title uagb-infobox-image-valign-top\"><div class=\"uagb-ifb-content\"><div class=\"uagb-ifb-title-wrap\"><h5 class=\"uagb-ifb-title\">Vol<\/h5><\/div><p class=\"uagb-ifb-desc\">Accus\u00e9 de vol ? Notre \u00e9quipe juridique exp\u00e9riment\u00e9e propose des strat\u00e9gies de d\u00e9fense agressives pour prot\u00e9ger vos droits et lutter pour votre libert\u00e9.<\/p><\/div><\/div>\n<\/div>\n\n\n\n<div class=\"wp-block-uagb-container uagb-block-c556a2f9\">\n<div class=\"wp-block-uagb-info-box uagb-block-5862fdfb uagb-infobox__content-wrap  uagb-infobox-icon-above-title uagb-infobox-image-valign-top\"><div class=\"uagb-ifb-content\"><div class=\"uagb-ifb-title-wrap\"><h5 class=\"uagb-ifb-title\">Agression et coups et blessures<\/h5><\/div><p class=\"uagb-ifb-desc\">Vous faites face \u00e0 des accusations d\u2019agression et de coups et blessures ? Nos avocats travaillent sans rel\u00e2che pour d\u00e9fendre vos droits et obtenir le meilleur r\u00e9sultat possible.<\/p><\/div><\/div>\n<\/div>\n<\/div>\n\n\n\n<div class=\"wp-block-uagb-container uagb-block-daec2a2c\">\n<div class=\"wp-block-uagb-container uagb-block-810fc737\">\n<div class=\"wp-block-uagb-info-box uagb-block-068f5339 uagb-infobox__content-wrap  uagb-infobox-icon-above-title uagb-infobox-image-valign-top\"><div class=\"uagb-ifb-content\"><div class=\"uagb-ifb-title-wrap\"><h5 class=\"uagb-ifb-title\">Violences conjugales<\/h5><\/div><p class=\"uagb-ifb-desc\">Accus\u00e9 de violences conjugales ? Nos avocats compatissants proposent des strat\u00e9gies de d\u00e9fense solides pour prot\u00e9ger vos droits et votre r\u00e9putation.<\/p><\/div><\/div>\n<\/div>\n\n\n\n<div class=\"wp-block-uagb-container uagb-block-1d66b30a\">\n<div class=\"wp-block-uagb-info-box uagb-block-c805456f uagb-infobox__content-wrap  uagb-infobox-icon-above-title uagb-infobox-image-valign-top\"><div class=\"uagb-ifb-content\"><div class=\"uagb-ifb-title-wrap\"><h5 class=\"uagb-ifb-title\">Intrusion criminelle<\/h5><\/div><p class=\"uagb-ifb-desc\">Accus\u00e9 d'intrusion criminelle ? Notre \u00e9quipe juridique propose des strat\u00e9gies de d\u00e9fense agressives pour prot\u00e9ger vos droits et obtenir le meilleur r\u00e9sultat.<\/p><\/div><\/div>\n<\/div>\n\n\n\n<div class=\"wp-block-uagb-container uagb-block-d8c6c73d\">\n<div class=\"wp-block-uagb-info-box uagb-block-56a6c830 uagb-infobox__content-wrap  uagb-infobox-icon-above-title uagb-infobox-image-valign-top\"><div class=\"uagb-ifb-content\"><div class=\"uagb-ifb-title-wrap\"><h5 class=\"uagb-ifb-title\">Conduite imprudente<\/h5><\/div><p class=\"uagb-ifb-desc\">Accus\u00e9 de conduite imprudente ? Nos avocats offrent une d\u00e9fense strat\u00e9gique pour minimiser les cons\u00e9quences et prot\u00e9ger votre dossier de conduite.<\/p><\/div><\/div>\n<\/div>\n\n\n\n<div class=\"wp-block-uagb-container uagb-block-c02e7aa6\">\n<div class=\"wp-block-uagb-info-box uagb-block-9c37ff92 uagb-infobox__content-wrap  uagb-infobox-icon-above-title uagb-infobox-image-valign-top\"><div class=\"uagb-ifb-content\"><div class=\"uagb-ifb-title-wrap\"><h5 class=\"uagb-ifb-title\">Conduire avec un permis suspendu ou r\u00e9voqu\u00e9<\/h5><\/div><p class=\"uagb-ifb-desc\">Vous faites face \u00e0 des accusations pour avoir conduit avec un permis suspendu ou r\u00e9voqu\u00e9 ? Notre \u00e9quipe juridique offre une d\u00e9fense solide pour prot\u00e9ger vos droits.<\/p><\/div><\/div>\n<\/div>\n<\/div>\n\n\n\n<div class=\"wp-block-uagb-container uagb-block-d436349a\">\n<div class=\"wp-block-uagb-container uagb-block-85866851\">\n<div class=\"wp-block-uagb-info-box uagb-block-9515155f uagb-infobox__content-wrap  uagb-infobox-icon-above-title uagb-infobox-image-valign-top\"><div class=\"uagb-ifb-content\"><div class=\"uagb-ifb-title-wrap\"><h5 class=\"uagb-ifb-title\">Conduire sans permis<\/h5><\/div><p class=\"uagb-ifb-desc\">Accus\u00e9 de conduite sans permis ? Nos avocats offrent une d\u00e9fense comp\u00e9tente pour prot\u00e9ger vos droits et vos privil\u00e8ges de conduite.<\/p><\/div><\/div>\n<\/div>\n\n\n\n<div class=\"wp-block-uagb-container uagb-block-cdd67eb1\">\n<div class=\"wp-block-uagb-info-box uagb-block-31cf6163 uagb-infobox__content-wrap  uagb-infobox-icon-above-title uagb-infobox-image-valign-top\"><div class=\"uagb-ifb-content\"><div class=\"uagb-ifb-title-wrap\"><h5 class=\"uagb-ifb-title\">Non-pr\u00e9sentation de documents<\/h5><\/div><p class=\"uagb-ifb-desc\">Accus\u00e9 de non-pr\u00e9sentation de documents ? Notre \u00e9quipe juridique travaille pour prot\u00e9ger vos droits et minimiser l\u2019impact de ces frais.<\/p><\/div><\/div>\n<\/div>\n\n\n\n<div class=\"wp-block-uagb-container uagb-block-0a6b8ea8\">\n<div class=\"wp-block-uagb-info-box uagb-block-dd0a14fa uagb-infobox__content-wrap  uagb-infobox-icon-above-title uagb-infobox-image-valign-top\"><div class=\"uagb-ifb-content\"><div class=\"uagb-ifb-title-wrap\"><h5 class=\"uagb-ifb-title\">Exc\u00e8s de vitesse<\/h5><\/div><p class=\"uagb-ifb-desc\">Accus\u00e9 de conduite imprudente ? Nos avocats offrent une d\u00e9fense strat\u00e9gique pour minimiser les cons\u00e9quences et prot\u00e9ger votre dossier de conduite.<\/p><\/div><\/div>\n<\/div>\n\n\n\n<div class=\"wp-block-uagb-container uagb-block-e46b7352\">\n<div class=\"wp-block-uagb-info-box uagb-block-2dd2fd46 uagb-infobox__content-wrap  uagb-infobox-icon-above-title uagb-infobox-image-valign-top\"><div class=\"uagb-ifb-content\"><div class=\"uagb-ifb-title-wrap\"><h5 class=\"uagb-ifb-title\">R\u00e9cup\u00e9ration du permis de conduire<\/h5><\/div><p class=\"uagb-ifb-desc\">Besoin d'aide pour restaurer votre permis de conduire ? Notre \u00e9quipe juridique fournit des conseils et une repr\u00e9sentation pour naviguer dans le processus de restauration.<\/p><\/div><\/div>\n<\/div>\n<\/div>\n<\/div>\n<\/div><\/div>\n\n\n\n<div class=\"wp-block-uagb-container uagb-block-c8c30fd7 alignfull uagb-is-root-container\"><div class=\"uagb-container-inner-blocks-wrap\">\n<div class=\"wp-block-uagb-container uagb-block-5a58b0c2\">\n<div class=\"wp-block-uagb-info-box uagb-block-dd9751e6 uagb-infobox__content-wrap  uagb-infobox-icon-above-title uagb-infobox-image-valign-top\"><div class=\"uagb-ifb-content\"><div class=\"uagb-ifb-title-wrap\"><span class=\"uagb-ifb-title-prefix\">Nos domaines d'expertise<\/span><h2 class=\"uagb-ifb-title\">Domaines de pratique juridique<\/h2><\/div><p class=\"uagb-ifb-desc\">Dommages corporels<\/p><\/div><\/div>\n\n\n\n<div class=\"wp-block-uagb-container uagb-layout-grid uagb-block-2d403843\">\n<div class=\"wp-block-uagb-container uagb-block-4eaf4000\">\n<div class=\"wp-block-uagb-info-box uagb-block-04a33988 uagb-infobox__content-wrap  uagb-infobox-icon-above-title uagb-infobox-image-valign-top\"><div class=\"uagb-ifb-content\"><div class=\"uagb-ifb-title-wrap\"><h5 class=\"uagb-ifb-title\">Accident de voiture<\/h5><\/div><p class=\"uagb-ifb-desc\">Notre \u00e9quipe exp\u00e9riment\u00e9e se bat pour vos droits et une indemnisation \u00e9quitable apr\u00e8s un accident de voiture, garantissant justice pour vos blessures.<\/p><\/div><\/div>\n<\/div>\n\n\n\n<div class=\"wp-block-uagb-container uagb-block-8519306b\">\n<div class=\"wp-block-uagb-info-box uagb-block-bf1efdf8 uagb-infobox__content-wrap  uagb-infobox-icon-above-title uagb-infobox-image-valign-top\"><div class=\"uagb-ifb-content\"><div class=\"uagb-ifb-title-wrap\"><h5 class=\"uagb-ifb-title\">Accident de moto<\/h5><\/div><p class=\"uagb-ifb-desc\">Si vous avez \u00e9t\u00e9 victime d'un accident de moto, faites confiance \u00e0 nos avocats qualifi\u00e9s pour obtenir l'indemnisation que vous m\u00e9ritez pour vos blessures.<\/p><\/div><\/div>\n<\/div>\n\n\n\n<div class=\"wp-block-uagb-container uagb-block-8c284bc8\">\n<div class=\"wp-block-uagb-info-box uagb-block-c2f3de05 uagb-infobox__content-wrap  uagb-infobox-icon-above-title uagb-infobox-image-valign-top\"><div class=\"uagb-ifb-content\"><div class=\"uagb-ifb-title-wrap\"><h5 class=\"uagb-ifb-title\">Chute par glissade<\/h5><\/div><p class=\"uagb-ifb-desc\">En cas de chute due \u00e0 la n\u00e9gligence d'autrui, nos avocats s'engagent \u00e0 obtenir l'indemnisation que vous m\u00e9ritez.<\/p><\/div><\/div>\n<\/div>\n<\/div>\n<\/div>\n<\/div><\/div>\n\n\n\n<div class=\"wp-block-uagb-container uagb-block-f98e3f0b alignfull uagb-is-root-container\"><div class=\"uagb-container-inner-blocks-wrap\">\n<div class=\"wp-block-uagb-advanced-heading uagb-block-cb594884\"><h5 class=\"uagb-heading-text\">Appelez-nous 24h\/24 et 7j\/7<\/h5><\/div>\n\n\n\n<div class=\"wp-block-uagb-advanced-heading uagb-block-29939e2f\"><h2 class=\"uagb-heading-text\">(240) 408-8358<\/h2><p class=\"uagb-desc-text\">OU<\/p><\/div>\n\n\n\n<div class=\"wp-block-uagb-advanced-heading uagb-block-8283857e\"><h3 class=\"uagb-heading-text\">Obtenez votre premi\u00e8re consultation GRATUITE!<\/h3><\/div>\n\n\n\n<div class=\"wp-block-uagb-buttons uagb-buttons__outer-wrap uagb-btn__default-btn uagb-btn-tablet__default-btn uagb-btn-mobile__default-btn uagb-block-2d7821fa\"><div class=\"uagb-buttons__wrap uagb-buttons-layout-wrap\">\n<div class=\"wp-block-uagb-buttons-child uagb-buttons__outer-wrap uagb-block-1a4225ca wp-block-button is-style-outline\"><div class=\"uagb-button__wrapper\"><a class=\"uagb-buttons-repeater wp-block-button__link\" aria-label=\"\" href=\"https:\/\/saintslawfirm.com\/french\/contact\/\" rel=\"follow noopener\" target=\"_self\" role=\"button\"><div class=\"uagb-button__link\">Demande de rendez-vous<\/div><\/a><\/div><\/div>\n<\/div><\/div>\n<\/div><\/div>","protected":false},"excerpt":{"rendered":"<p>Practice Areas\u200b Why You Need The Top Lawyers\u200b Having a top lawyer from Saint\u2019s Law Firm is crucial for navigating complex legal issues with confidence. Saint\u2019s Law Firm offers expert advice, strategic planning, and aggressive representation, ensuring your rights are protected and your case is presented effectively. Trust us to achieve the best possible outcome [&hellip;]<\/p>\n","protected":false},"author":1,"featured_media":0,"parent":0,"menu_order":0,"comment_status":"closed","ping_status":"closed","template":"","meta":{"_uag_custom_page_level_css":"","footnotes":""},"class_list":["post-67","page","type-page","status-publish","hentry"],"blocksy_meta":[],"uagb_featured_image_src":{"full":false,"thumbnail":false,"medium":false,"medium_large":false,"large":false,"1536x1536":false,"2048x2048":false,"trp-custom-language-flag":false},"uagb_author_info":{"display_name":"Admin","author_link":"https:\/\/saintslawfirm.com\/french\/author\/admin\/"},"uagb_comment_info":0,"uagb_excerpt":"Practice Areas\u200b Why You Need The Top Lawyers\u200b Having a top lawyer from Saint\u2019s Law Firm is crucial for navigating complex legal issues with confidence. Saint\u2019s Law Firm offers expert advice, strategic planning, and aggressive representation, ensuring your rights are protected and your case is presented effectively. Trust us to achieve the best possible outcome\u2026","_links":{"self":[{"href":"https:\/\/saintslawfirm.com\/french\/wp-json\/wp\/v2\/pages\/67","targetHints":{"allow":["GET"]}}],"collection":[{"href":"https:\/\/saintslawfirm.com\/french\/wp-json\/wp\/v2\/pages"}],"about":[{"href":"https:\/\/saintslawfirm.com\/french\/wp-json\/wp\/v2\/types\/page"}],"author":[{"embeddable":true,"href":"https:\/\/saintslawfirm.com\/french\/wp-json\/wp\/v2\/users\/1"}],"replies":[{"embeddable":true,"href":"https:\/\/saintslawfirm.com\/french\/wp-json\/wp\/v2\/comments?post=67"}],"version-history":[{"count":31,"href":"https:\/\/saintslawfirm.com\/french\/wp-json\/wp\/v2\/pages\/67\/revisions"}],"predecessor-version":[{"id":939,"href":"https:\/\/saintslawfirm.com\/french\/wp-json\/wp\/v2\/pages\/67\/revisions\/939"}],"wp:attachment":[{"href":"https:\/\/saintslawfirm.com\/french\/wp-json\/wp\/v2\/media?parent=67"}],"curies":[{"name":"wp","href":"https:\/\/api.w.org\/{rel}","templated":true}]}}