{"id":65,"date":"2024-06-10T21:36:40","date_gmt":"2024-06-10T21:36:40","guid":{"rendered":"https:\/\/saintslawfirm.com\/home\/"},"modified":"2025-02-21T12:53:23","modified_gmt":"2025-02-21T12:53:23","slug":"home","status":"publish","type":"page","link":"https:\/\/saintslawfirm.com\/french\/","title":{"rendered":"Maison"},"content":{"rendered":"<div class=\"wp-block-uagb-container uagb-block-bee04707 alignfull uagb-is-root-container\"><div class=\"uagb-container-inner-blocks-wrap\">\n<div class=\"wp-block-uagb-container uagb-block-deae7ba0\">\n<div class=\"wp-block-uagb-info-box uagb-block-197bf88c uagb-infobox__content-wrap  uagb-infobox-icon-above-title uagb-infobox-image-valign-top\"><div class=\"uagb-ifb-content\"><div class=\"uagb-ifb-title-wrap\"><span class=\"uagb-ifb-title-prefix\">Prot\u00e9gez vos droits.<\/span><h1 class=\"uagb-ifb-title\">Prot\u00e9gez vos droits.<br>D\u00e9fendez votre libert\u00e9.&nbsp;<\/h1><\/div><\/div><\/div>\n<\/div>\n\n\n\n<div class=\"wp-block-uagb-container uagb-block-cb0b6420\">\n<div class=\"wp-block-uagb-container uagb-block-0aa7cd28\">\n<div class=\"wp-block-uagb-icon-list uagb-block-a6c786ad\"><div class=\"uagb-icon-list__wrap\">\n<div class=\"wp-block-uagb-icon-list-child uagb-block-8e5f092a\"><span class=\"uagb-icon-list__source-wrap\"><svg xmlns=\"https:\/\/www.w3.org\/2000\/svg\" viewbox=\"0 0 320 512\"><path d=\"M320 144C320 223.5 255.5 288 176 288C96.47 288 32 223.5 32 144C32 64.47 96.47 0 176 0C255.5 0 320 64.47 320 144zM192 64C192 55.16 184.8 48 176 48C122.1 48 80 90.98 80 144C80 152.8 87.16 160 96 160C104.8 160 112 152.8 112 144C112 108.7 140.7 80 176 80C184.8 80 192 72.84 192 64zM144 480V317.1C154.4 319 165.1 319.1 176 319.1C186.9 319.1 197.6 319 208 317.1V480C208 497.7 193.7 512 176 512C158.3 512 144 497.7 144 480z\"><\/path><\/svg><\/span><span class=\"uagb-icon-list__label\">Notre emplacement<\/span><\/div>\n<\/div><\/div>\n\n\n\n<div class=\"wp-block-uagb-advanced-heading uagb-block-26f15827\"><p class=\"uagb-heading-text\">924 N Magnolia Ave Suite 202<br>Orlando, Floride 32803<\/p><\/div>\n<\/div>\n<\/div>\n<\/div><\/div>\n\n\n\n<div class=\"wp-block-uagb-container uagb-block-1c4b3984 alignfull uagb-is-root-container\"><div class=\"uagb-container-inner-blocks-wrap\">\n<div class=\"wp-block-uagb-container uagb-block-64749e32\">\n<div class=\"wp-block-uagb-info-box uagb-block-7f9e9467 uagb-infobox__content-wrap  uagb-infobox-icon-above-title uagb-infobox-image-valign-top\"><div class=\"uagb-ifb-content\"><div class=\"uagb-ifb-title-wrap\"><span class=\"uagb-ifb-title-prefix\">Avocat plaidant professionnel et exp\u00e9riment\u00e9<\/span><h2 class=\"uagb-ifb-title\">\u00c0 propos de nous<\/h2><\/div><p class=\"uagb-ifb-desc\">Si vous avez subi un pr\u00e9judice ou fait face \u00e0 une accusation d\u2019infraction criminelle ou routi\u00e8re, vous avez besoin d\u2019un avocat exp\u00e9riment\u00e9 qui d\u00e9fendra vos droits avec d\u00e9termination et prot\u00e9gera votre libert\u00e9 avec rigueur. Le syst\u00e8me juridique est complexe et peut \u00eatre tr\u00e8s difficile pour une personne dans votre situation. C\u2019est pourquoi vous devriez engager un avocat pour prot\u00e9ger vos droits l\u00e9gaux et garantir que votre cas re\u00e7oive l\u2019attention qu\u2019il m\u00e9rite. Au cabinet Saint\u2019s Law Firm, nous vous aiderons \u00e0 naviguer dans le syst\u00e8me juridique complexe du d\u00e9but \u00e0 la fin. Nous comprenons que votre cas vous affecte d\u2019une mani\u00e8re qui vous est propre. C'est pourquoi au cabinet d'avocats Saint, nous offrons une repr\u00e9sentation centr\u00e9e sur le client et nous nous assurons que votre cas est r\u00e9solu de mani\u00e8re \u00e0 tenir compte de tous les d\u00e9fis que le cas apporte dans votre vie.<\/p><\/div><\/div>\n\n\n\n<div class=\"wp-block-uagb-info-box uagb-block-261e13f7 uagb-infobox__content-wrap  uagb-infobox-icon-above-title uagb-infobox-image-valign-top\"><div class=\"uagb-ifb-content\"><div class=\"uagb-ifb-title-wrap\"><h4 class=\"uagb-ifb-title-prefix\">Expertise linguistique<\/h4><\/div><\/div><\/div>\n\n\n\n<div class=\"wp-block-uagb-icon-list uagb-block-d334bd7e\"><div class=\"uagb-icon-list__wrap\">\n<div class=\"wp-block-uagb-icon-list-child uagb-block-d79a6029\"><span class=\"uagb-icon-list__source-wrap\"><svg xmlns=\"https:\/\/www.w3.org\/2000\/svg\" viewbox=\"0 0 512 512\"><path d=\"M256 0C114.6 0 0 114.6 0 256c0 141.4 114.6 256 256 256s256-114.6 256-256C512 114.6 397.4 0 256 0zM406.6 278.6l-103.1 103.1c-12.5 12.5-32.75 12.5-45.25 0s-12.5-32.75 0-45.25L306.8 288H128C110.3 288 96 273.7 96 256s14.31-32 32-32h178.8l-49.38-49.38c-12.5-12.5-12.5-32.75 0-45.25s32.75-12.5 45.25 0l103.1 103.1C414.6 241.3 416 251.1 416 256C416 260.9 414.6 270.7 406.6 278.6z\"><\/path><\/svg><\/span><span class=\"uagb-icon-list__label\">On parle Fran\u00e7ais<\/span><\/div>\n\n\n\n<div class=\"wp-block-uagb-icon-list-child uagb-block-0ee3310d\"><span class=\"uagb-icon-list__source-wrap\"><svg xmlns=\"https:\/\/www.w3.org\/2000\/svg\" viewbox=\"0 0 512 512\"><path d=\"M256 0C114.6 0 0 114.6 0 256c0 141.4 114.6 256 256 256s256-114.6 256-256C512 114.6 397.4 0 256 0zM406.6 278.6l-103.1 103.1c-12.5 12.5-32.75 12.5-45.25 0s-12.5-32.75 0-45.25L306.8 288H128C110.3 288 96 273.7 96 256s14.31-32 32-32h178.8l-49.38-49.38c-12.5-12.5-12.5-32.75 0-45.25s32.75-12.5 45.25 0l103.1 103.1C414.6 241.3 416 251.1 416 256C416 260.9 414.6 270.7 406.6 278.6z\"><\/path><\/svg><\/span><span class=\"uagb-icon-list__label\">Nou pale Krey\u00f2l<\/span><\/div>\n<\/div><\/div>\n<\/div>\n\n\n\n<div class=\"wp-block-uagb-container uag-hide-tab uagb-block-319c0f1c\">\n<div class=\"wp-block-uagb-image uagb-block-e3f84b86 wp-block-uagb-image--layout-default wp-block-uagb-image--effect-static wp-block-uagb-image--align-none\"><figure class=\"wp-block-uagb-image__figure\"><img decoding=\"async\" srcset=\"https:\/\/saintslawfirm.com\/wp-content\/uploads\/2024\/06\/img-682x1024.jpg ,https:\/\/saintslawfirm.com\/wp-content\/uploads\/2024\/06\/img.jpg 780w, https:\/\/saintslawfirm.com\/wp-content\/uploads\/2024\/06\/img.jpg 360w\" sizes=\"auto, (max-width: 480px) 150px\" src=\"https:\/\/saintslawfirm.com\/wp-content\/uploads\/2024\/06\/img-682x1024.jpg\" alt=\"\" class=\"uag-image-532\" width=\"474\" height=\"650\" title=\"img\" loading=\"lazy\" role=\"img\"\/><\/figure><\/div>\n<\/div>\n<\/div><\/div>\n\n\n\n<div class=\"wp-block-uagb-container uagb-block-b9c90816 alignfull uagb-is-root-container\"><div class=\"uagb-container-inner-blocks-wrap\">\n<div class=\"wp-block-uagb-container uagb-block-0aece5e8\">\n<div class=\"wp-block-uagb-info-box uagb-block-79d5f441 uagb-infobox__content-wrap  uagb-infobox-icon-above-title uagb-infobox-image-valign-top\"><div class=\"uagb-ifb-content\"><div class=\"uagb-ifb-title-wrap\"><h2 class=\"uagb-ifb-title\">Infractions p\u00e9nales et infractions routi\u00e8res<\/h2><\/div><\/div><\/div>\n\n\n\n<div class=\"wp-block-uagb-container uagb-block-0c4e3a83\">\n<div class=\"wp-block-uagb-container uagb-block-3c745e7a\">\n<div class=\"wp-block-uagb-info-box uagb-block-a23f63aa uagb-infobox__content-wrap  uagb-infobox-icon-above-title uagb-infobox-image-valign-top\"><div class=\"uagb-ifb-content\"><div class=\"uagb-ifb-title-wrap\"><h5 class=\"uagb-ifb-title\">Conduite sous l'influence de l'alcool<\/h5><\/div><p class=\"uagb-ifb-desc\">Accus\u00e9 de conduite en \u00e9tat d'ivresse ? Notre \u00e9quipe juridique sp\u00e9cialis\u00e9e s'efforce de prot\u00e9ger vos droits et de minimiser les cons\u00e9quences des accusations li\u00e9es \u00e0 l'alcool au volant.<\/p><\/div><\/div>\n<\/div>\n\n\n\n<div class=\"wp-block-uagb-container uagb-block-000af8ae\">\n<div class=\"wp-block-uagb-info-box uagb-block-cfcc3455 uagb-infobox__content-wrap  uagb-infobox-icon-above-title uagb-infobox-image-valign-top\"><div class=\"uagb-ifb-content\"><div class=\"uagb-ifb-title-wrap\"><h5 class=\"uagb-ifb-title\">Violation de probation<\/h5><\/div><p class=\"uagb-ifb-desc\">Accus\u00e9 de violation des conditions de probation ? Notre \u00e9quipe juridique propose des strat\u00e9gies de d\u00e9fense solides pour prot\u00e9ger vos droits et votre libert\u00e9.<\/p><\/div><\/div>\n<\/div>\n\n\n\n<div class=\"wp-block-uagb-container uagb-block-1802aa8c\">\n<div class=\"wp-block-uagb-info-box uagb-block-e800f2a3 uagb-infobox__content-wrap  uagb-infobox-icon-above-title uagb-infobox-image-valign-top\"><div class=\"uagb-ifb-content\"><div class=\"uagb-ifb-title-wrap\"><h5 class=\"uagb-ifb-title\">Infractions li\u00e9es aux stup\u00e9fiants<\/h5><\/div><p class=\"uagb-ifb-desc\">Accus\u00e9 d'infractions li\u00e9es aux stup\u00e9fiants ? Nos avocats exp\u00e9riment\u00e9s travaillent pour d\u00e9fendre vos droits et obtenir le meilleur r\u00e9sultat possible pour votre cas.<\/p><\/div><\/div>\n<\/div>\n\n\n\n<div class=\"wp-block-uagb-container uagb-block-e56a91bc\">\n<div class=\"wp-block-uagb-info-box uagb-block-9f552b7e uagb-infobox__content-wrap  uagb-infobox-icon-above-title uagb-infobox-image-valign-top\"><div class=\"uagb-ifb-content\"><div class=\"uagb-ifb-title-wrap\"><h5 class=\"uagb-ifb-title\">Infractions li\u00e9es aux armes<\/h5><\/div><p class=\"uagb-ifb-desc\">Vous faites face \u00e0 des accusations de d\u00e9lit li\u00e9 aux armes ? Faites confiance \u00e0 notre \u00e9quipe juridique pour vous fournir une repr\u00e9sentation agressive et prot\u00e9ger vos droits.<\/p><\/div><\/div>\n<\/div>\n<\/div>\n\n\n\n<div class=\"wp-block-uagb-container uagb-block-943b9199\">\n<div class=\"wp-block-uagb-container uagb-block-081a2167\">\n<div class=\"wp-block-uagb-info-box uagb-block-960b4b00 uagb-infobox__content-wrap  uagb-infobox-icon-above-title uagb-infobox-image-valign-top\"><div class=\"uagb-ifb-content\"><div class=\"uagb-ifb-title-wrap\"><h5 class=\"uagb-ifb-title\">Infractions de vol et de fraude<\/h5><\/div><p class=\"uagb-ifb-desc\">Accus\u00e9 de vol ou de fraude ? Nos avocats qualifi\u00e9s travaillent pour d\u00e9fendre vos droits et att\u00e9nuer les cons\u00e9quences de ces accusations.<\/p><\/div><\/div>\n<\/div>\n\n\n\n<div class=\"wp-block-uagb-container uagb-block-0db54f87\">\n<div class=\"wp-block-uagb-info-box uagb-block-f6316542 uagb-infobox__content-wrap  uagb-infobox-icon-above-title uagb-infobox-image-valign-top\"><div class=\"uagb-ifb-content\"><div class=\"uagb-ifb-title-wrap\"><h5 class=\"uagb-ifb-title\">Cambriolage<\/h5><\/div><p class=\"uagb-ifb-desc\">Accus\u00e9 de cambriolage ? Nos experts juridiques s'engagent \u00e0 b\u00e2tir une d\u00e9fense solide et \u00e0 prot\u00e9ger vos droits devant les tribunaux.<\/p><\/div><\/div>\n<\/div>\n\n\n\n<div class=\"wp-block-uagb-container uagb-block-24ae8e79\">\n<div class=\"wp-block-uagb-info-box uagb-block-91b96a49 uagb-infobox__content-wrap  uagb-infobox-icon-above-title uagb-infobox-image-valign-top\"><div class=\"uagb-ifb-content\"><div class=\"uagb-ifb-title-wrap\"><h5 class=\"uagb-ifb-title\">Vol<\/h5><\/div><p class=\"uagb-ifb-desc\">Accus\u00e9 de vol ? Notre \u00e9quipe juridique exp\u00e9riment\u00e9e propose des strat\u00e9gies de d\u00e9fense agressives pour prot\u00e9ger vos droits et lutter pour votre libert\u00e9.<\/p><\/div><\/div>\n<\/div>\n\n\n\n<div class=\"wp-block-uagb-container uagb-block-6b3afd5b\">\n<div class=\"wp-block-uagb-info-box uagb-block-5862fdfb uagb-infobox__content-wrap  uagb-infobox-icon-below-title uagb-infobox-image-valign-top\"><div class=\"uagb-ifb-content\"><div class=\"uagb-ifb-title-wrap\"><h4 class=\"uagb-ifb-title-prefix\">zone de pratique<\/h4><\/div><div class=\"uagb-ifb-button-wrapper wp-block-button\"><a href=\"https:\/\/saintslawfirm.com\/french\/practice-area\/\" class=\"uagb-infobox-cta-link wp-block-button__link\" target=\"_self\" rel=\"noopener noreferrer\" onclick=\"return true;\"><span class=\"uagb-inline-editing\">En savoir plus<\/span><svg xmlns=\"https:\/\/www.w3.org\/2000\/svg\" viewbox=\"0 0 512 512\"><path d=\"M504.3 273.6l-112.1 104c-6.992 6.484-17.18 8.218-25.94 4.406c-8.758-3.812-14.42-12.45-14.42-21.1L351.9 288H32C14.33 288 .0002 273.7 .0002 255.1S14.33 224 32 224h319.9l0-72c0-9.547 5.66-18.19 14.42-22c8.754-3.809 18.95-2.075 25.94 4.41l112.1 104C514.6 247.9 514.6 264.1 504.3 273.6z\"><\/path><\/svg><\/a><\/div><\/div><\/div>\n<\/div>\n<\/div>\n<\/div>\n<\/div><\/div>\n\n\n\n<div class=\"wp-block-uagb-container uagb-block-fd3d7b78 alignfull uagb-is-root-container\"><div class=\"uagb-container-inner-blocks-wrap\">\n<div class=\"wp-block-uagb-container uagb-block-3d68c5c7\">\n<div class=\"wp-block-uagb-info-box uagb-block-7b9a212d uagb-infobox__content-wrap  uagb-infobox-icon-above-title uagb-infobox-image-valign-top\"><div class=\"uagb-ifb-content\"><div class=\"uagb-ifb-title-wrap\"><span class=\"uagb-ifb-title-prefix\">Avocat plaidant professionnel et exp\u00e9riment\u00e9<\/span><h2 class=\"uagb-ifb-title\">Pourquoi choisir notre cabinet<\/h2><\/div><\/div><\/div>\n\n\n\n<div class=\"wp-block-uagb-container uagb-block-030df0dc\">\n<div class=\"wp-block-uagb-container uagb-block-9c564fff\">\n<div class=\"wp-block-uagb-info-box uagb-block-bb02d243 uagb-infobox__content-wrap  uagb-infobox-icon-left uagb-infobox-left uagb-infobox-image-valign-top\"><div class=\"uagb-ifb-image-content\"><img decoding=\"async\" src=\"https:\/\/saintslawfirm.com\/wp-content\/uploads\/2021\/07\/law-icon06-1-free-img.png\" alt=\"\" width=\"30\" height=\"30\" loading=\"lazy\"\/><\/div><div class=\"uagb-ifb-content\"><div class=\"uagb-ifb-title-wrap\"><h4 class=\"uagb-ifb-title\">Excellent historique<\/h4><\/div><p class=\"uagb-ifb-desc\">Le cabinet Saint\u2019s Law Firm b\u00e9n\u00e9ficie d'un historique exceptionnel de cas r\u00e9ussis, garantissant des r\u00e9sultats optimaux pour tous nos pr\u00e9cieux clients.<\/p><\/div><\/div>\n\n\n\n<div class=\"wp-block-uagb-info-box uagb-block-4167c752 uagb-infobox__content-wrap  uagb-infobox-icon-left uagb-infobox-left uagb-infobox-image-valign-top\"><div class=\"uagb-ifb-image-content\"><img decoding=\"async\" src=\"https:\/\/saintslawfirm.com\/wp-content\/uploads\/2021\/07\/law-icon07-1-free-img.png\" alt=\"\" width=\"30\" height=\"30\" loading=\"lazy\"\/><\/div><div class=\"uagb-ifb-content\"><div class=\"uagb-ifb-title-wrap\"><h4 class=\"uagb-ifb-title\">Frais transparents<\/h4><\/div><p class=\"uagb-ifb-desc\">Au cabinet Saint\u2019s Law Firm, nous privil\u00e9gions la transparence en proposant des tarifs clairs et pr\u00e9cis, sans frais cach\u00e9s ni mauvaises surprises.<\/p><\/div><\/div>\n\n\n\n<div class=\"wp-block-uagb-info-box uagb-block-11a32090 uagb-infobox__content-wrap  uagb-infobox-icon-left uagb-infobox-left uagb-infobox-image-valign-top\"><div class=\"uagb-ifb-image-content\"><img decoding=\"async\" src=\"https:\/\/saintslawfirm.com\/wp-content\/uploads\/2021\/07\/law-icon08-1-free-img.png\" alt=\"\" width=\"30\" height=\"30\" loading=\"lazy\"\/><\/div><div class=\"uagb-ifb-content\"><div class=\"uagb-ifb-title-wrap\"><h4 class=\"uagb-ifb-title\">Un service client exceptionnel<\/h4><\/div><p class=\"uagb-ifb-desc\">Nous nous engageons \u00e0 offrir un accompagnement personnalis\u00e9, avec une r\u00e9ponse rapide et attentive aux besoins de chaque client<\/p><\/div><\/div>\n<\/div>\n<\/div>\n<\/div>\n<\/div><\/div>\n\n\n\n<div class=\"wp-block-uagb-container uagb-block-82e626d7 alignfull uagb-is-root-container\"><div class=\"uagb-container-inner-blocks-wrap\">\n<div class=\"wp-block-uagb-advanced-heading uagb-block-0d237bfc\"><h3 class=\"uagb-heading-text\">Notre adresse<\/h3><\/div>\n\n\n\t\t\t<div \n\t\t\tclass=\"wp-block-uagb-google-map uagb-google-map__wrap uagb-block-1aa4bcbf\"\n\t\t\tstyle=\"\" >\n\t\t\t\t<embed\n\t\t\t\t\tclass=\"uagb-google-map__iframe\"\n\t\t\t\t\ttitle=\"Carte Google pour \"\n\t\t\t\t\tsrc=\"https:\/\/maps.google.com\/maps?q=Orland%20%26%20Central%C2%A0Florida.&#038;z=12&#038;hl=en&#038;t=m&#038;output=embed&#038;iwloc=near\"\n\t\t\t\t\twidth=\"640\"\n\t\t\t\t\theight=\"300\"\n\t\t\t\t\tloading=\"lazy\"\n\t\t\t\t><\/embed>\n\t\t\t<\/div>\n\t\t\t<\/div><\/div>\n\n\n\n<div class=\"wp-block-uagb-container uagb-block-3e398f4b alignfull uagb-is-root-container\"><div class=\"uagb-container-inner-blocks-wrap\">\n<div class=\"wp-block-uagb-advanced-heading uagb-block-9584e807\"><h5 class=\"uagb-heading-text\">Appelez-nous 24h\/24 et 7j\/7<\/h5><\/div>\n\n\n\n<div class=\"wp-block-uagb-advanced-heading uagb-block-200654c3\"><h2 class=\"uagb-heading-text\">(240) 487-8358<\/h2><p class=\"uagb-desc-text\">OU<\/p><\/div>\n\n\n\n<div class=\"wp-block-uagb-advanced-heading uagb-block-06379297\"><h3 class=\"uagb-heading-text\">Obtenez votre premi\u00e8re consultation GRATUITE!<\/h3><\/div>\n\n\n\n<div class=\"wp-block-uagb-buttons uagb-buttons__outer-wrap uagb-btn__default-btn uagb-btn-tablet__default-btn uagb-btn-mobile__default-btn uagb-block-be320bf9\"><div class=\"uagb-buttons__wrap uagb-buttons-layout-wrap\">\n<div class=\"wp-block-uagb-buttons-child uagb-buttons__outer-wrap uagb-block-b9e8d6b5 wp-block-button is-style-outline\"><div class=\"uagb-button__wrapper\"><a class=\"uagb-buttons-repeater wp-block-button__link\" aria-label=\"\" href=\"https:\/\/saintslawfirm.com\/french\/contact\/\" rel=\"follow noopener\" target=\"_self\" role=\"button\"><div class=\"uagb-button__link\">Demande de rendez-vous<\/div><\/a><\/div><\/div>\n<\/div><\/div>\n<\/div><\/div>\n\n\n\n<div class=\"wp-block-uagb-container uagb-block-02c967c6 alignfull uagb-is-root-container\"><div class=\"uagb-container-inner-blocks-wrap\">\n<div class=\"wp-block-uagb-container uagb-block-567da41c\">\n<div class=\"wp-block-uagb-image uagb-block-ae49518d wp-block-uagb-image--layout-default wp-block-uagb-image--effect-static wp-block-uagb-image--align-none\"><figure class=\"wp-block-uagb-image__figure\"><img decoding=\"async\" srcset=\"https:\/\/saintslawfirm.com\/wp-content\/uploads\/2024\/06\/img-2-683x1024.jpg ,https:\/\/saintslawfirm.com\/wp-content\/uploads\/2024\/06\/img-2-scaled.jpg 780w, https:\/\/saintslawfirm.com\/wp-content\/uploads\/2024\/06\/img-2-scaled.jpg 360w\" sizes=\"auto, (max-width: 480px) 150px\" src=\"https:\/\/saintslawfirm.com\/wp-content\/uploads\/2024\/06\/img-2-683x1024.jpg\" alt=\"\" class=\"uag-image-538\" width=\"683\" height=\"1024\" title=\"img\" loading=\"lazy\" role=\"img\"\/><\/figure><\/div>\n<\/div>\n\n\n\n<div class=\"wp-block-uagb-container uagb-block-fe6aca03 alignfull uagb-is-root-container\"><div class=\"uagb-container-inner-blocks-wrap\">\n<div class=\"wp-block-uagb-info-box uagb-block-1b04bcb2 uagb-infobox__content-wrap  uagb-infobox-icon-above-title uagb-infobox-image-valign-top\"><div class=\"uagb-ifb-content\"><div class=\"uagb-ifb-title-wrap\"><span class=\"uagb-ifb-title-prefix\">Avocat plaidant professionnel et exp\u00e9riment\u00e9<\/span><h2 class=\"uagb-ifb-title\">Pourquoi choisir notre cabinet<\/h2><\/div><p class=\"uagb-ifb-desc\">T\u00e9moignages<\/p><\/div><\/div>\n\n\n\n<div class=\"wp-block-uagb-testimonial uagb-slick-carousel uagb-tm__arrow-outside uagb-block-50e25709\"><div class=\"is-carousel uagb-tm__columns-1 uagb-tm__items\"><div class=\"uagb-testimonial__wrap  uagb-tm__imgicon-style-circle uagb-tm__image-position-bottom uagb-tm__bg-type-color\"><div class=\"uagb-tm__content\"><div class=\"uagb-tm__overlay\"><\/div><div class=\"uagb-tm__text-wrap\"><div class=\"uagb-tm__desc\">Merci Saint\u2019s Law Firm pour votre service exceptionnel et votre engagement envers la satisfaction du client. J'appr\u00e9cie vraiment vos pr\u00e9cieux commentaires et votre patience lors de l'examen du contrat du GCHS. J'ai \u00e9t\u00e9 compl\u00e8tement impressionn\u00e9 par votre professionnalisme et votre service client.<\/div><div class=\"uagb-tm__meta-inner\"><div class=\"uagb-testimonial-details\"><span class=\"uagb-tm__author-name\">A Aleandre<\/span><span class=\"uagb-tm__company\"><\/span><\/div><\/div><\/div><\/div><\/div><div class=\"uagb-testimonial__wrap  uagb-tm__imgicon-style-circle uagb-tm__image-position-bottom uagb-tm__bg-type-color\"><div class=\"uagb-tm__content\"><div class=\"uagb-tm__overlay\"><\/div><div class=\"uagb-tm__text-wrap\"><div class=\"uagb-tm__desc\">L'avocat Saint \u00e9tait tr\u00e8s r\u00e9actif et aimable. Il m'a donn\u00e9 des conseils juridiques \u00e0 un prix abordable et m'a mis \u00e0 l'aise pendant mon \u00e9preuve. Je recommanderai certainement ses services.<\/div><div class=\"uagb-tm__meta-inner\"><div class=\"uagb-testimonial-details\"><span class=\"uagb-tm__author-name\">Tamara Henderson<\/span><span class=\"uagb-tm__company\"><\/span><\/div><\/div><\/div><\/div><\/div><div class=\"uagb-testimonial__wrap  uagb-tm__imgicon-style-circle uagb-tm__image-position-bottom uagb-tm__bg-type-color\"><div class=\"uagb-tm__content\"><div class=\"uagb-tm__overlay\"><\/div><div class=\"uagb-tm__text-wrap\"><div class=\"uagb-tm__desc\">J\u2019ai eu le plaisir de pouvoir parler avec M. Saint. Il a \u00e9t\u00e9 tr\u00e8s patient et m\u2019a donn\u00e9 quelques informations sur le cas d\u2019un proche, sur ce qu\u2019il fallait faire pour obtenir les bonnes informations. Je suis tr\u00e8s content m\u00eame s\u2019il s\u2019agissait d\u2019une consultation mais j\u2019ai d\u00e9couvert des choses sur l\u2019affaire qui ne m\u2019ont pas \u00e9t\u00e9 divulgu\u00e9es non plus. L\u2019affaire n\u2019est pas termin\u00e9e mais il l\u2019embauchera le moment venu.<\/div><div class=\"uagb-tm__meta-inner\"><div class=\"uagb-testimonial-details\"><span class=\"uagb-tm__author-name\">Adriana Jerome<\/span><span class=\"uagb-tm__company\"><\/span><\/div><\/div><\/div><\/div><\/div><div class=\"uagb-testimonial__wrap  uagb-tm__imgicon-style-circle uagb-tm__image-position-bottom uagb-tm__bg-type-color\"><div class=\"uagb-tm__content\"><div class=\"uagb-tm__overlay\"><\/div><div class=\"uagb-tm__text-wrap\"><div class=\"uagb-tm__desc\">Le meilleur avocat, qui a r\u00e9pondu \u00e0 chaque fois que j'appelais, a r\u00e9pondu \u00e0 toutes mes questions et apr\u00e8s avoir pass\u00e9 3 ans avec mon permis suspendu, je l'ai engag\u00e9 pour m'aider \u00e0 obtenir mon permis de conduire difficile, mais il a pu m'aider \u00e0 r\u00e9cup\u00e9rer mon permis de conduire officiel !!!! Reconnaissant<\/div><div class=\"uagb-tm__meta-inner\"><div class=\"uagb-testimonial-details\"><span class=\"uagb-tm__author-name\">C J<\/span><span class=\"uagb-tm__company\"><\/span><\/div><\/div><\/div><\/div><\/div><div class=\"uagb-testimonial__wrap  uagb-tm__imgicon-style-circle uagb-tm__image-position-bottom uagb-tm__bg-type-color\"><div class=\"uagb-tm__content\"><div class=\"uagb-tm__overlay\"><\/div><div class=\"uagb-tm__text-wrap\"><div class=\"uagb-tm__desc\">G\u00e9nial, c'est \u00e0 peu pr\u00e8s tout ce que je pouvais dire, le service \u00e9tait exceptionnel, le prix \u00e9tait correct et l'avocat \u00e9tait formidable \u00e0 conna\u00eetre et en ma faveur tout le temps m'a tenu inform\u00e9 et connaissait tr\u00e8s bien la loi et le fonctionnement du syst\u00e8me MERCI SAINT !!!<\/div><div class=\"uagb-tm__meta-inner\"><div class=\"uagb-testimonial-details\"><span class=\"uagb-tm__author-name\">Andrew Petrillo<\/span><span class=\"uagb-tm__company\"><\/span><\/div><\/div><\/div><\/div><\/div><\/div><\/div>\n<\/div><\/div>\n<\/div><\/div>","protected":false},"excerpt":{"rendered":"<p>924 N Magnolia Ave Suite 202Orlando, FL 32803 My Location Call Us 24\/7\u200b (240) 487-8358 OR Get Your First Consultation FREE!\u200b<\/p>","protected":false},"author":1,"featured_media":0,"parent":0,"menu_order":0,"comment_status":"closed","ping_status":"closed","template":"","meta":{"_uag_custom_page_level_css":"","footnotes":""},"class_list":["post-65","page","type-page","status-publish","hentry"],"blocksy_meta":{"has_hero_section":"default","styles_descriptor":{"styles":{"desktop":"","tablet":"","mobile":""},"google_fonts":[],"version":6}},"uagb_featured_image_src":{"full":false,"thumbnail":false,"medium":false,"medium_large":false,"large":false,"1536x1536":false,"2048x2048":false,"trp-custom-language-flag":false},"uagb_author_info":{"display_name":"Admin","author_link":"https:\/\/saintslawfirm.com\/french\/author\/admin\/"},"uagb_comment_info":0,"uagb_excerpt":"924 N Magnolia Ave Suite 202Orlando, FL 32803 My Location Call Us 24\/7\u200b (240) 487-8358 OR Get Your First Consultation FREE!\u200b","_links":{"self":[{"href":"https:\/\/saintslawfirm.com\/french\/wp-json\/wp\/v2\/pages\/65","targetHints":{"allow":["GET"]}}],"collection":[{"href":"https:\/\/saintslawfirm.com\/french\/wp-json\/wp\/v2\/pages"}],"about":[{"href":"https:\/\/saintslawfirm.com\/french\/wp-json\/wp\/v2\/types\/page"}],"author":[{"embeddable":true,"href":"https:\/\/saintslawfirm.com\/french\/wp-json\/wp\/v2\/users\/1"}],"replies":[{"embeddable":true,"href":"https:\/\/saintslawfirm.com\/french\/wp-json\/wp\/v2\/comments?post=65"}],"version-history":[{"count":93,"href":"https:\/\/saintslawfirm.com\/french\/wp-json\/wp\/v2\/pages\/65\/revisions"}],"predecessor-version":[{"id":940,"href":"https:\/\/saintslawfirm.com\/french\/wp-json\/wp\/v2\/pages\/65\/revisions\/940"}],"wp:attachment":[{"href":"https:\/\/saintslawfirm.com\/french\/wp-json\/wp\/v2\/media?parent=65"}],"curies":[{"name":"wp","href":"https:\/\/api.w.org\/{rel}","templated":true}]}}